{"id":29399,"date":"2018-06-24T19:40:39","date_gmt":"2018-06-24T17:40:39","guid":{"rendered":"https:\/\/aliga.sk\/?page_id=29399"},"modified":"2019-04-10T09:30:11","modified_gmt":"2019-04-10T07:30:11","slug":"smart-solutions","status":"publish","type":"page","link":"https:\/\/aliga.sk\/en\/products-and-services\/smart-solutions\/","title":{"rendered":"Smart Solutions"},"content":{"rendered":"<p>[vc_row full_width=&#8221;stretch_row&#8221; equal_height=&#8221;yes&#8221; css=&#8221;.vc_custom_1529864705877{margin-bottom: 0px !important;padding-top: 80px !important;padding-bottom: 80px !important;background-position: 0 0 !important;background-repeat: no-repeat !important;}&#8221; el_id=&#8221;smart-parking&#8221;][vc_column css=&#8221;.vc_custom_1461250612287{margin-top: 0px !important;}&#8221;][vc_row_inner equal_height=&#8221;yes&#8221; content_placement=&#8221;middle&#8221;][vc_column_inner width=&#8221;1\/2&#8243;][vc_column_text]<\/p>\n<h3>SMART PARKING<\/h3>\n<p>[\/vc_column_text][vc_empty_space height=&#8221;50px&#8221;][vc_column_text]<\/p>\n<div class=\"styled-subtitle\">Advanced smart solutions for eParking and monitoring of parking lots for Municipalities. Makes the parking smart and easy to use.<\/div>\n<p>[\/vc_column_text][\/vc_column_inner][vc_column_inner width=&#8221;1\/2&#8243; css=&#8221;.vc_custom_1527177870203{background-position: center !important;background-repeat: no-repeat !important;background-size: contain !important;}&#8221; offset=&#8221;vc_col-xs-12&#8243;]<div class=\"centered-box gem-image-centered-box\"><div class=\"gem-image gem-wrapbox gem-wrapbox-style-default gem-wrapbox-position-centered lazy-loading\"  style=\"\"><div class=\"gem-wrapbox-inner  lazy-loading-item\"  data-ll-effect=\"move-up\"><img class=\"gem-wrapbox-element img-responsive\" src=\"https:\/\/aliga.sk\/wp-content\/uploads\/2018\/05\/smart_parking.png\" alt=\"\"\/><\/div><\/div><\/div>[\/vc_column_inner][\/vc_row_inner][\/vc_column][\/vc_row][vc_row full_width=&#8221;stretch_row&#8221; equal_height=&#8221;yes&#8221; css=&#8221;.vc_custom_1529864729860{margin-bottom: 0px !important;padding-top: 80px !important;padding-bottom: 80px !important;background-color: #f4f4f4 !important;}&#8221; el_id=&#8221;smart-waste-management&#8221;][vc_column css=&#8221;.vc_custom_1461250612287{margin-top: 0px !important;}&#8221;][vc_row_inner equal_height=&#8221;yes&#8221; content_placement=&#8221;middle&#8221;][vc_column_inner width=&#8221;1\/2&#8243; css=&#8221;.vc_custom_1527514956192{background-position: center !important;background-repeat: no-repeat !important;background-size: contain !important;}&#8221; offset=&#8221;vc_hidden-xs&#8221;]<div class=\"centered-box gem-image-centered-box\"><div class=\"gem-image gem-wrapbox gem-wrapbox-style-default gem-wrapbox-position-centered lazy-loading\"  style=\"\"><div class=\"gem-wrapbox-inner  lazy-loading-item\"  data-ll-effect=\"move-up\"><img class=\"gem-wrapbox-element img-responsive\" src=\"https:\/\/aliga.sk\/wp-content\/uploads\/2018\/05\/waste_management.png\" alt=\"\"\/><\/div><\/div><\/div>[\/vc_column_inner][vc_column_inner width=&#8221;1\/2&#8243;][vc_column_text]<\/p>\n<h3>SMART WASTE MANAGEMENT<\/h3>\n<p>[\/vc_column_text][vc_empty_space height=&#8221;50px&#8221;][vc_column_text]<\/p>\n<div class=\"styled-subtitle\">Solutions for advanced waste management for enterprises, municipalities, as well as for citizens. Management of waste life-cycle and environment impact.<\/div>\n<p>[\/vc_column_text][\/vc_column_inner][\/vc_row_inner][\/vc_column][\/vc_row][vc_row full_width=&#8221;stretch_row&#8221; equal_height=&#8221;yes&#8221; css=&#8221;.vc_custom_1529864751778{margin-bottom: 0px !important;padding-top: 50px !important;padding-bottom: 50px !important;background-position: 0 0 !important;background-repeat: no-repeat !important;}&#8221; el_id=&#8221;real-time-location-system&#8221;][vc_column css=&#8221;.vc_custom_1461250612287{margin-top: 0px !important;}&#8221;][vc_row_inner equal_height=&#8221;yes&#8221; content_placement=&#8221;middle&#8221;][vc_column_inner width=&#8221;1\/2&#8243;][vc_column_text]<\/p>\n<h3>REAL TIME LOCATION SYSTEM<\/h3>\n<p>[\/vc_column_text][vc_empty_space height=&#8221;50px&#8221;][vc_column_text]<\/p>\n<div class=\"styled-subtitle\">System for <a href=\"https:\/\/www.sewio.net\" target=\"_blank\" rel=\"noopener noreferrer\">real-time localization<\/a> and positioning control of Fork-lifts or any mobile technologies within the industrial environment.<\/div>\n<p>[\/vc_column_text][\/vc_column_inner][vc_column_inner width=&#8221;1\/2&#8243; css=&#8221;.vc_custom_1527514961423{background-position: center !important;background-repeat: no-repeat !important;background-size: contain !important;}&#8221;]<div class=\"centered-box gem-image-centered-box\"><div class=\"gem-image gem-wrapbox gem-wrapbox-style-default gem-wrapbox-position-centered lazy-loading\"  style=\"\"><div class=\"gem-wrapbox-inner  lazy-loading-item\"  data-ll-effect=\"move-up\"><img class=\"gem-wrapbox-element img-responsive\" src=\"https:\/\/aliga.sk\/wp-content\/uploads\/2017\/11\/schema_localization.gif\" alt=\"\"\/><\/div><\/div><\/div>[\/vc_column_inner][\/vc_row_inner][\/vc_column][\/vc_row][vc_row full_width=&#8221;stretch_row&#8221; css=&#8221;.vc_custom_1527514754887{margin-bottom: 0px !important;padding-top: 50px !important;padding-bottom: 50px !important;background-color: #f4f4f4 !important;}&#8221;][vc_column][vc_tta_tour style=&#8221;outline&#8221; spacing=&#8221;2&#8243; active_section=&#8221;1&#8243; no_fill_content_area=&#8221;true&#8221;][vc_tta_section title=&#8221;LOGISTIC WAREHOUSE&#8221; tab_id=&#8221;1519646530891-99e6e0d6-bb006e5c-31d5&#8243;][vc_row_inner][vc_column_inner]<div class=\"gem-video gem-wrapbox gem-wrapbox-style-no-style rounded-corners gem-wrapbox-position-below\" style=\"width: 100%;\"><div class=\"gem-wrapbox-inner video-block gem-ratio-style\" style=\"padding-top: 56.25%\"><video width=\"100%\" height=\"100%\" controls=\"controls\" src=\"\/wp-content\/uploads\/2017\/11\/logistic_warehouse.mp4\"  poster=\"https:\/\/aliga.sk\/wp-content\/uploads\/2018\/06\/img_video.png\" preload=\"none\"><\/video><\/div><\/div>[\/vc_column_inner][\/vc_row_inner][\/vc_tta_section][vc_tta_section title=&#8221;DIGITIZATION OF ANY PROCESS&#8221; tab_id=&#8221;1519646530916-e38833c0-34cb6e5c-31d5&#8243;][vc_row_inner][vc_column_inner]<div class=\"gem-video gem-wrapbox gem-wrapbox-style-no-style rounded-corners gem-wrapbox-position-below\" style=\"width: 100%;\"><div class=\"gem-wrapbox-inner video-block gem-ratio-style\" style=\"padding-top: 56.25%\"><video width=\"100%\" height=\"100%\" controls=\"controls\" src=\"\/wp-content\/uploads\/2017\/11\/digitizaton_of_any_process.mp4\"  poster=\"https:\/\/aliga.sk\/wp-content\/uploads\/2018\/06\/img_video.png\" preload=\"none\"><\/video><\/div><\/div>[\/vc_column_inner][\/vc_row_inner][\/vc_tta_section][vc_tta_section title=&#8221;LOGISTIC MONITORING&#8221; tab_id=&#8221;1519646889598-7ecb46d1-552c6e5c-31d5&#8243;][vc_row_inner][vc_column_inner]<div class=\"gem-video gem-wrapbox gem-wrapbox-style-no-style rounded-corners gem-wrapbox-position-below\" style=\"width: 100%;\"><div class=\"gem-wrapbox-inner video-block gem-ratio-style\" style=\"padding-top: 56.25%\"><video width=\"100%\" height=\"100%\" controls=\"controls\" src=\"\/wp-content\/uploads\/2017\/11\/logistic_monitoring.mp4\"  poster=\"https:\/\/aliga.sk\/wp-content\/uploads\/2018\/06\/img_video.png\" preload=\"none\"><\/video><\/div><\/div>[\/vc_column_inner][\/vc_row_inner][\/vc_tta_section][vc_tta_section title=&#8221;INERTIAL SENSORS&#8221; tab_id=&#8221;1519646912045-2d9f9761-97576e5c-31d5&#8243;][vc_row_inner][vc_column_inner]<div class=\"gem-video gem-wrapbox gem-wrapbox-style-no-style rounded-corners gem-wrapbox-position-below\" style=\"width: 100%;\"><div class=\"gem-wrapbox-inner video-block gem-ratio-style\" style=\"padding-top: 56.25%\"><video width=\"100%\" height=\"100%\" controls=\"controls\" src=\"\/wp-content\/uploads\/2017\/11\/inertial_sensors.mp4\"  poster=\"https:\/\/aliga.sk\/wp-content\/uploads\/2018\/06\/img_video.png\" preload=\"none\"><\/video><\/div><\/div>[\/vc_column_inner][\/vc_row_inner][\/vc_tta_section][vc_tta_section title=&#8221;PROXIMITY DETECTION SYSTEM&#8221; tab_id=&#8221;1519646922898-b80b69d7-c6ed6e5c-31d5&#8243;][vc_row_inner][vc_column_inner]<div class=\"gem-video gem-wrapbox gem-wrapbox-style-no-style rounded-corners gem-wrapbox-position-below\" style=\"width: 100%;\"><div class=\"gem-wrapbox-inner video-block gem-ratio-style\" style=\"padding-top: 56.25%\"><video width=\"100%\" height=\"100%\" controls=\"controls\" src=\"\/wp-content\/uploads\/2017\/11\/proximity_detection_system.mp4\"  poster=\"https:\/\/aliga.sk\/wp-content\/uploads\/2018\/06\/img_video.png\" preload=\"none\"><\/video><\/div><\/div>[\/vc_column_inner][\/vc_row_inner][\/vc_tta_section][vc_tta_section title=&#8221;SPORTS APPLICATION&#8221; tab_id=&#8221;1519646953476-9af40475-e1cd6e5c-31d5&#8243;][vc_row_inner][vc_column_inner]<div class=\"gem-video gem-wrapbox gem-wrapbox-style-no-style rounded-corners gem-wrapbox-position-below\" style=\"width: 100%;\"><div class=\"gem-wrapbox-inner video-block gem-ratio-style\" style=\"padding-top: 56.25%\"><video width=\"100%\" height=\"100%\" controls=\"controls\" src=\"\/wp-content\/uploads\/2017\/11\/sports_application.mp4\"  poster=\"https:\/\/aliga.sk\/wp-content\/uploads\/2018\/06\/img_video.png\" preload=\"none\"><\/video><\/div><\/div>[\/vc_column_inner][\/vc_row_inner][\/vc_tta_section][vc_tta_section title=&#8221;QUADCOPTER&#8221; tab_id=&#8221;1519646972218-687c6880-93956e5c-31d5&#8243;][vc_row_inner][vc_column_inner]<div class=\"gem-video gem-wrapbox gem-wrapbox-style-no-style rounded-corners gem-wrapbox-position-below\" style=\"width: 100%;\"><div class=\"gem-wrapbox-inner video-block gem-ratio-style\" style=\"padding-top: 56.25%\"><video width=\"100%\" height=\"100%\" controls=\"controls\" src=\"\/wp-content\/uploads\/2017\/11\/quadcopter.mp4\"  poster=\"https:\/\/aliga.sk\/wp-content\/uploads\/2018\/06\/img_video.png\" preload=\"none\"><\/video><\/div><\/div>[\/vc_column_inner][\/vc_row_inner][\/vc_tta_section][vc_tta_section title=&#8221;LOGISTIC WAREHOUSE &#8211; PICKWU&#8221; tab_id=&#8221;1519646993908-552e81c7-c4356e5c-31d5&#8243;][vc_row_inner][vc_column_inner]<div class=\"gem-video gem-wrapbox gem-wrapbox-style-no-style rounded-corners gem-wrapbox-position-below\" style=\"width: 100%;\"><div class=\"gem-wrapbox-inner video-block gem-ratio-style\" style=\"padding-top: 56.25%\"><video width=\"100%\" height=\"100%\" controls=\"controls\" src=\"\/wp-content\/uploads\/2017\/11\/logistic_warehouse_PickWu.mp4\"  poster=\"https:\/\/aliga.sk\/wp-content\/uploads\/2018\/06\/img_video.png\" preload=\"none\"><\/video><\/div><\/div>[\/vc_column_inner][\/vc_row_inner][\/vc_tta_section][\/vc_tta_tour][\/vc_column][\/vc_row][vc_row full_width=&#8221;stretch_row&#8221; content_placement=&#8221;middle&#8221; css=&#8221;.vc_custom_1527871066966{margin-bottom: 0px !important;padding-top: 80px !important;padding-bottom: 80px !important;}&#8221;][vc_column][vc_column_text]<\/p>\n<h3 style=\"text-align: center;\">ASK FOR CONSULTATION<\/h3>\n<p>[\/vc_column_text][vc_empty_space height=&#8221;50px&#8221;]<div role=\"form\" class=\"wpcf7\" id=\"wpcf7-f29210-o1\" lang=\"sk-SK\" dir=\"ltr\">\n<div class=\"screen-reader-response\"><p role=\"status\" aria-live=\"polite\" aria-atomic=\"true\"><\/p> <ul><\/ul><\/div>\n<form action=\"\/en\/wp-json\/wp\/v2\/pages\/29399#wpcf7-f29210-o1\" method=\"post\" class=\"wpcf7-form init\" novalidate=\"novalidate\" data-status=\"init\">\n<div style=\"display: none;\">\n<input type=\"hidden\" name=\"_wpcf7\" value=\"29210\" \/>\n<input type=\"hidden\" name=\"_wpcf7_version\" value=\"5.6.4\" \/>\n<input type=\"hidden\" name=\"_wpcf7_locale\" value=\"sk_SK\" \/>\n<input type=\"hidden\" name=\"_wpcf7_unit_tag\" value=\"wpcf7-f29210-o1\" \/>\n<input type=\"hidden\" name=\"_wpcf7_container_post\" value=\"0\" \/>\n<input type=\"hidden\" name=\"_wpcf7_posted_data_hash\" value=\"\" \/>\n<input type=\"hidden\" name=\"_wpcf7_recaptcha_response\" value=\"\" \/>\n<\/div>\n<div class=\"contact-form-style-3\">\n<p class=\"col-md-4 cf-style3-name\"><span class=\"wpcf7-form-control-wrap\" data-name=\"your-name\"><input type=\"text\" name=\"your-name\" value=\"\" size=\"40\" class=\"wpcf7-form-control wpcf7-text wpcf7-validates-as-required\" aria-required=\"true\" aria-invalid=\"false\" placeholder=\"Your name*\" \/><\/span><\/p>\n<p class=\"col-md-4 cf-style3-email\"><span class=\"wpcf7-form-control-wrap\" data-name=\"email\"><input type=\"email\" name=\"email\" value=\"\" size=\"40\" class=\"wpcf7-form-control wpcf7-text wpcf7-email wpcf7-validates-as-required wpcf7-validates-as-email\" aria-required=\"true\" aria-invalid=\"false\" placeholder=\"E-mail*\" \/><\/span><\/p>\n<p class=\"col-md-4 cf-style3-phone\"><span class=\"wpcf7-form-control-wrap\" data-name=\"phone\"><input type=\"text\" name=\"phone\" value=\"\" size=\"40\" class=\"wpcf7-form-control wpcf7-text\" aria-invalid=\"false\" placeholder=\"Phone\" \/><\/span><\/p>\n<div class=\"col-md-12 cf-style3-textarea\"><span class=\"wpcf7-form-control-wrap\" data-name=\"your-message\"><textarea name=\"your-message\" cols=\"40\" rows=\"10\" class=\"wpcf7-form-control wpcf7-textarea wpcf7-validates-as-required\" aria-required=\"true\" aria-invalid=\"false\" placeholder=\"Message*\"><\/textarea><\/span><\/div>\n<div>&nbsp;<\/div>\n<p class=\"col-md-12\" ><input type=\"submit\" value=\"Send a message\" class=\"wpcf7-form-control has-spinner wpcf7-submit\" \/><\/p>\n<\/div>\n<div class=\"wpcf7-response-output\" aria-hidden=\"true\"><\/div><\/form><\/div>[\/vc_column][\/vc_row]<\/p>\n","protected":false},"excerpt":{"rendered":"<p>[vc_row full_width=&#8221;stretch_row&#8221; equal_height=&#8221;yes&#8221; css=&#8221;.vc_custom_1529864705877{margin-bottom: 0px !important;padding-top: 80px !important;padding-bottom: 80px !important;background-position: 0 0 !important;background-repeat: no-repeat !important;}&#8221; el_id=&#8221;smart-parking&#8221;][vc_column css=&#8221;.vc_custom_1461250612287{margin-top: 0px !important;}&#8221;][vc_row_inner equal_height=&#8221;yes&#8221;&#8230;<\/p>\n","protected":false},"author":1,"featured_media":0,"parent":29377,"menu_order":40,"comment_status":"closed","ping_status":"closed","template":"","meta":[],"yoast_head":"<!-- This site is optimized with the Yoast SEO plugin v19.8 - https:\/\/yoast.com\/wordpress\/plugins\/seo\/ -->\n<title>Smart Solutions - Aliga, s.r.o.<\/title>\n<meta name=\"robots\" content=\"index, follow, max-snippet:-1, max-image-preview:large, max-video-preview:-1\" \/>\n<link rel=\"canonical\" href=\"https:\/\/aliga.sk\/en\/products-and-services\/smart-solutions\/\" \/>\n<meta property=\"og:locale\" content=\"en_US\" \/>\n<meta property=\"og:type\" content=\"article\" \/>\n<meta property=\"og:title\" content=\"Smart Solutions - Aliga, s.r.o.\" \/>\n<meta property=\"og:description\" content=\"[vc_row full_width=&#8221;stretch_row&#8221; equal_height=&#8221;yes&#8221; css=&#8221;.vc_custom_1529864705877{margin-bottom: 0px !important;padding-top: 80px !important;padding-bottom: 80px !important;background-position: 0 0 !important;background-repeat: no-repeat !important;}&#8221; el_id=&#8221;smart-parking&#8221;][vc_column css=&#8221;.vc_custom_1461250612287{margin-top: 0px !important;}&#8221;][vc_row_inner equal_height=&#8221;yes&#8221;...\" \/>\n<meta property=\"og:url\" content=\"https:\/\/aliga.sk\/en\/products-and-services\/smart-solutions\/\" \/>\n<meta property=\"og:site_name\" content=\"Aliga, s.r.o.\" \/>\n<meta property=\"article:modified_time\" content=\"2019-04-10T07:30:11+00:00\" \/>\n<meta name=\"twitter:card\" content=\"summary_large_image\" \/>\n<meta name=\"twitter:label1\" content=\"Est. reading time\" \/>\n\t<meta name=\"twitter:data1\" content=\"4 minutes\" \/>\n<script type=\"application\/ld+json\" class=\"yoast-schema-graph\">{\"@context\":\"https:\/\/schema.org\",\"@graph\":[{\"@type\":\"WebPage\",\"@id\":\"https:\/\/aliga.sk\/en\/products-and-services\/smart-solutions\/\",\"url\":\"https:\/\/aliga.sk\/en\/products-and-services\/smart-solutions\/\",\"name\":\"Smart Solutions - Aliga, s.r.o.\",\"isPartOf\":{\"@id\":\"https:\/\/aliga.sk\/#website\"},\"datePublished\":\"2018-06-24T17:40:39+00:00\",\"dateModified\":\"2019-04-10T07:30:11+00:00\",\"breadcrumb\":{\"@id\":\"https:\/\/aliga.sk\/en\/products-and-services\/smart-solutions\/#breadcrumb\"},\"inLanguage\":\"en-US\",\"potentialAction\":[{\"@type\":\"ReadAction\",\"target\":[\"https:\/\/aliga.sk\/en\/products-and-services\/smart-solutions\/\"]}]},{\"@type\":\"BreadcrumbList\",\"@id\":\"https:\/\/aliga.sk\/en\/products-and-services\/smart-solutions\/#breadcrumb\",\"itemListElement\":[{\"@type\":\"ListItem\",\"position\":1,\"name\":\"Home\",\"item\":\"https:\/\/aliga.sk\/en\/\"},{\"@type\":\"ListItem\",\"position\":2,\"name\":\"Products and Services\",\"item\":\"https:\/\/aliga.sk\/en\/products-and-services\/\"},{\"@type\":\"ListItem\",\"position\":3,\"name\":\"Smart Solutions\"}]},{\"@type\":\"WebSite\",\"@id\":\"https:\/\/aliga.sk\/#website\",\"url\":\"https:\/\/aliga.sk\/\",\"name\":\"Aliga, s.r.o.\",\"description\":\"Dod\u00e1vate\u013e info-komunika\u010dn\u00fdch technol\u00f3gi\u00ed\",\"publisher\":{\"@id\":\"https:\/\/aliga.sk\/#organization\"},\"potentialAction\":[{\"@type\":\"SearchAction\",\"target\":{\"@type\":\"EntryPoint\",\"urlTemplate\":\"https:\/\/aliga.sk\/?s={search_term_string}\"},\"query-input\":\"required name=search_term_string\"}],\"inLanguage\":\"en-US\"},{\"@type\":\"Organization\",\"@id\":\"https:\/\/aliga.sk\/#organization\",\"name\":\"Aliga, s.r.o.\",\"url\":\"https:\/\/aliga.sk\/\",\"sameAs\":[],\"logo\":{\"@type\":\"ImageObject\",\"inLanguage\":\"en-US\",\"@id\":\"https:\/\/aliga.sk\/#\/schema\/logo\/image\/\",\"url\":\"https:\/\/aliga.sk\/wp-content\/uploads\/2018\/06\/logo_aliga_blue_desktop.png\",\"contentUrl\":\"https:\/\/aliga.sk\/wp-content\/uploads\/2018\/06\/logo_aliga_blue_desktop.png\",\"width\":462,\"height\":193,\"caption\":\"Aliga, s.r.o.\"},\"image\":{\"@id\":\"https:\/\/aliga.sk\/#\/schema\/logo\/image\/\"}}]}<\/script>\n<!-- \/ Yoast SEO plugin. -->","yoast_head_json":{"title":"Smart Solutions - Aliga, s.r.o.","robots":{"index":"index","follow":"follow","max-snippet":"max-snippet:-1","max-image-preview":"max-image-preview:large","max-video-preview":"max-video-preview:-1"},"canonical":"https:\/\/aliga.sk\/en\/products-and-services\/smart-solutions\/","og_locale":"en_US","og_type":"article","og_title":"Smart Solutions - Aliga, s.r.o.","og_description":"[vc_row full_width=&#8221;stretch_row&#8221; equal_height=&#8221;yes&#8221; css=&#8221;.vc_custom_1529864705877{margin-bottom: 0px !important;padding-top: 80px !important;padding-bottom: 80px !important;background-position: 0 0 !important;background-repeat: no-repeat !important;}&#8221; el_id=&#8221;smart-parking&#8221;][vc_column css=&#8221;.vc_custom_1461250612287{margin-top: 0px !important;}&#8221;][vc_row_inner equal_height=&#8221;yes&#8221;...","og_url":"https:\/\/aliga.sk\/en\/products-and-services\/smart-solutions\/","og_site_name":"Aliga, s.r.o.","article_modified_time":"2019-04-10T07:30:11+00:00","twitter_card":"summary_large_image","twitter_misc":{"Est. reading time":"4 minutes"},"schema":{"@context":"https:\/\/schema.org","@graph":[{"@type":"WebPage","@id":"https:\/\/aliga.sk\/en\/products-and-services\/smart-solutions\/","url":"https:\/\/aliga.sk\/en\/products-and-services\/smart-solutions\/","name":"Smart Solutions - Aliga, s.r.o.","isPartOf":{"@id":"https:\/\/aliga.sk\/#website"},"datePublished":"2018-06-24T17:40:39+00:00","dateModified":"2019-04-10T07:30:11+00:00","breadcrumb":{"@id":"https:\/\/aliga.sk\/en\/products-and-services\/smart-solutions\/#breadcrumb"},"inLanguage":"en-US","potentialAction":[{"@type":"ReadAction","target":["https:\/\/aliga.sk\/en\/products-and-services\/smart-solutions\/"]}]},{"@type":"BreadcrumbList","@id":"https:\/\/aliga.sk\/en\/products-and-services\/smart-solutions\/#breadcrumb","itemListElement":[{"@type":"ListItem","position":1,"name":"Home","item":"https:\/\/aliga.sk\/en\/"},{"@type":"ListItem","position":2,"name":"Products and Services","item":"https:\/\/aliga.sk\/en\/products-and-services\/"},{"@type":"ListItem","position":3,"name":"Smart Solutions"}]},{"@type":"WebSite","@id":"https:\/\/aliga.sk\/#website","url":"https:\/\/aliga.sk\/","name":"Aliga, s.r.o.","description":"Dod\u00e1vate\u013e info-komunika\u010dn\u00fdch technol\u00f3gi\u00ed","publisher":{"@id":"https:\/\/aliga.sk\/#organization"},"potentialAction":[{"@type":"SearchAction","target":{"@type":"EntryPoint","urlTemplate":"https:\/\/aliga.sk\/?s={search_term_string}"},"query-input":"required name=search_term_string"}],"inLanguage":"en-US"},{"@type":"Organization","@id":"https:\/\/aliga.sk\/#organization","name":"Aliga, s.r.o.","url":"https:\/\/aliga.sk\/","sameAs":[],"logo":{"@type":"ImageObject","inLanguage":"en-US","@id":"https:\/\/aliga.sk\/#\/schema\/logo\/image\/","url":"https:\/\/aliga.sk\/wp-content\/uploads\/2018\/06\/logo_aliga_blue_desktop.png","contentUrl":"https:\/\/aliga.sk\/wp-content\/uploads\/2018\/06\/logo_aliga_blue_desktop.png","width":462,"height":193,"caption":"Aliga, s.r.o."},"image":{"@id":"https:\/\/aliga.sk\/#\/schema\/logo\/image\/"}}]}},"_links":{"self":[{"href":"https:\/\/aliga.sk\/en\/wp-json\/wp\/v2\/pages\/29399"}],"collection":[{"href":"https:\/\/aliga.sk\/en\/wp-json\/wp\/v2\/pages"}],"about":[{"href":"https:\/\/aliga.sk\/en\/wp-json\/wp\/v2\/types\/page"}],"author":[{"embeddable":true,"href":"https:\/\/aliga.sk\/en\/wp-json\/wp\/v2\/users\/1"}],"replies":[{"embeddable":true,"href":"https:\/\/aliga.sk\/en\/wp-json\/wp\/v2\/comments?post=29399"}],"version-history":[{"count":1,"href":"https:\/\/aliga.sk\/en\/wp-json\/wp\/v2\/pages\/29399\/revisions"}],"predecessor-version":[{"id":30553,"href":"https:\/\/aliga.sk\/en\/wp-json\/wp\/v2\/pages\/29399\/revisions\/30553"}],"up":[{"embeddable":true,"href":"https:\/\/aliga.sk\/en\/wp-json\/wp\/v2\/pages\/29377"}],"wp:attachment":[{"href":"https:\/\/aliga.sk\/en\/wp-json\/wp\/v2\/media?parent=29399"}],"curies":[{"name":"wp","href":"https:\/\/api.w.org\/{rel}","templated":true}]}}