{"id":29383,"date":"2018-06-24T19:22:23","date_gmt":"2018-06-24T17:22:23","guid":{"rendered":"https:\/\/aliga.sk\/?page_id=29383"},"modified":"2018-07-09T14:56:51","modified_gmt":"2018-07-09T12:56:51","slug":"network-infrastructure","status":"publish","type":"page","link":"https:\/\/aliga.sk\/en\/products-and-services\/network-infrastructure\/","title":{"rendered":"Network infrastructure"},"content":{"rendered":"<p>[vc_row full_width=&#8221;stretch_row&#8221; equal_height=&#8221;yes&#8221; css=&#8221;.vc_custom_1529864433900{margin-bottom: 0px !important;padding-top: 80px !important;padding-bottom: 80px !important;}&#8221; el_id=&#8221;passive-it-infrastructure&#8221;][vc_column css=&#8221;.vc_custom_1461250612287{margin-top: 0px !important;}&#8221;][vc_row_inner equal_height=&#8221;yes&#8221; content_placement=&#8221;middle&#8221;][vc_column_inner width=&#8221;1\/2&#8243;][vc_column_text]<\/p>\n<h3>PASSIVE IT INFRASTRUCTURE<\/h3>\n<p>[\/vc_column_text][vc_empty_space height=&#8221;50px&#8221;][vc_column_text]<\/p>\n<div class=\"styled-subtitle\">We offer design and implementation of structured data-cabling systems conforming to the highest industrial standards and ready for current as well as potential future requirements of our customers.<\/div>\n<p>[\/vc_column_text][\/vc_column_inner][vc_column_inner width=&#8221;1\/2&#8243; css=&#8221;.vc_custom_1458378603328{background-position: center !important;background-repeat: no-repeat !important;background-size: contain !important;}&#8221;]<div class=\"centered-box gem-image-centered-box\"><div class=\"gem-image gem-wrapbox gem-wrapbox-style-default gem-wrapbox-position-centered lazy-loading\"  style=\"\"><div class=\"gem-wrapbox-inner  lazy-loading-item\"  data-ll-effect=\"move-up\"><img class=\"gem-wrapbox-element img-responsive\" src=\"https:\/\/aliga.sk\/wp-content\/uploads\/2018\/06\/pasivna_it_infrastruktura.png\" alt=\"\"\/><\/div><\/div><\/div>[\/vc_column_inner][\/vc_row_inner][\/vc_column][\/vc_row][vc_row full_width=&#8221;stretch_row&#8221; equal_height=&#8221;yes&#8221; css=&#8221;.vc_custom_1529864459387{margin-bottom: 0px !important;padding-top: 80px !important;padding-bottom: 80px !important;background-color: #f4f4f4 !important;}&#8221; el_id=&#8221;low-voltage-solutions&#8221;][vc_column css=&#8221;.vc_custom_1461250612287{margin-top: 0px !important;}&#8221;][vc_row_inner equal_height=&#8221;yes&#8221; content_placement=&#8221;middle&#8221;][vc_column_inner width=&#8221;1\/2&#8243; css=&#8221;.vc_custom_1527605310564{background-position: center !important;background-repeat: no-repeat !important;background-size: contain !important;}&#8221; offset=&#8221;vc_hidden-xs&#8221;]<div class=\"centered-box gem-image-centered-box\"><div class=\"gem-image gem-wrapbox gem-wrapbox-style-default gem-wrapbox-position-centered lazy-loading\"  style=\"\"><div class=\"gem-wrapbox-inner  lazy-loading-item\"  data-ll-effect=\"move-up\"><img class=\"gem-wrapbox-element img-responsive\" src=\"https:\/\/aliga.sk\/wp-content\/uploads\/2018\/06\/objektove_technologie.png\" alt=\"\"\/><\/div><\/div><\/div>[\/vc_column_inner][vc_column_inner width=&#8221;1\/2&#8243;][vc_column_text]<\/p>\n<h3>LOW-VOLTAGE SOLUTIONS<\/h3>\n<p>[\/vc_column_text][vc_empty_space height=&#8221;50px&#8221;][vc_column_text]<\/p>\n<div class=\"styled-subtitle\">We project and implement the technology equipment of campuses control systems, access management, fire detection and fire alarm systems, video surveillance and connected building systems.<\/div>\n<p>[\/vc_column_text][\/vc_column_inner][\/vc_row_inner][\/vc_column][\/vc_row][vc_row full_width=&#8221;stretch_row&#8221; equal_height=&#8221;yes&#8221; css=&#8221;.vc_custom_1527531561659{margin-bottom: 0px !important;padding-top: 80px !important;padding-bottom: 80px !important;}&#8221; el_id=&#8221;wifi&#8221;][vc_column css=&#8221;.vc_custom_1461250612287{margin-top: 0px !important;}&#8221;][vc_row_inner equal_height=&#8221;yes&#8221; content_placement=&#8221;middle&#8221;][vc_column_inner width=&#8221;1\/2&#8243;][vc_column_text]<\/p>\n<h3>WiFi<\/h3>\n<p>[\/vc_column_text][vc_empty_space height=&#8221;50px&#8221;][vc_column_text]<\/p>\n<p class=\"styled-subtitle\">We offer design and implementation of wireless communication networks, enabling the communication as well as triangular localization.<\/p>\n<p>[\/vc_column_text][\/vc_column_inner][vc_column_inner width=&#8221;1\/2&#8243; css=&#8221;.vc_custom_1458378603328{background-position: center !important;background-repeat: no-repeat !important;background-size: contain !important;}&#8221;]<div class=\"centered-box gem-image-centered-box\"><div class=\"gem-image gem-wrapbox gem-wrapbox-style-default gem-wrapbox-position-centered lazy-loading\"  style=\"\"><div class=\"gem-wrapbox-inner  lazy-loading-item\"  data-ll-effect=\"move-up\"><img class=\"gem-wrapbox-element img-responsive\" src=\"https:\/\/aliga.sk\/wp-content\/uploads\/2018\/05\/wifi.png\" alt=\"\"\/><\/div><\/div><\/div>[\/vc_column_inner][\/vc_row_inner][\/vc_column][\/vc_row][vc_row full_width=&#8221;stretch_row&#8221; equal_height=&#8221;yes&#8221; css=&#8221;.vc_custom_1529864497134{margin-bottom: 0px !important;padding-top: 80px !important;padding-bottom: 80px !important;background-color: #f4f4f4 !important;}&#8221; el_id=&#8221;it-infrastructure&#8221;][vc_column css=&#8221;.vc_custom_1461250612287{margin-top: 0px !important;}&#8221;][vc_row_inner equal_height=&#8221;yes&#8221; content_placement=&#8221;middle&#8221;][vc_column_inner width=&#8221;1\/2&#8243; css=&#8221;.vc_custom_1527605284778{background-position: center !important;background-repeat: no-repeat !important;background-size: contain !important;}&#8221; offset=&#8221;vc_hidden-xs&#8221;]<div class=\"centered-box gem-image-centered-box\"><div class=\"gem-image gem-wrapbox gem-wrapbox-style-default gem-wrapbox-position-centered lazy-loading\"  style=\"\"><div class=\"gem-wrapbox-inner  lazy-loading-item\"  data-ll-effect=\"move-up\"><img class=\"gem-wrapbox-element img-responsive\" src=\"https:\/\/aliga.sk\/wp-content\/uploads\/2018\/06\/aktivna_it_infrastruktura.png\" alt=\"\"\/><\/div><\/div><\/div>[\/vc_column_inner][vc_column_inner width=&#8221;1\/2&#8243;][vc_column_text]<\/p>\n<h3>IT INFRASTRUCTURE<\/h3>\n<p>[\/vc_column_text][vc_empty_space height=&#8221;50px&#8221;][vc_column_text]<\/p>\n<div class=\"styled-subtitle\">We offer design, implementation and monitoring the active IT Infrastructure. We utilize the best-in-class know-how of our engineers, certified for solutions of top infrastructure vendors.<\/div>\n<p>[\/vc_column_text][\/vc_column_inner][\/vc_row_inner][\/vc_column][\/vc_row][vc_row full_width=&#8221;stretch_row&#8221; content_placement=&#8221;middle&#8221; css=&#8221;.vc_custom_1527870949783{margin-bottom: 0px !important;padding-top: 80px !important;padding-bottom: 80px !important;}&#8221;][vc_column][vc_column_text]<\/p>\n<h3 style=\"text-align: center;\">ASK FOR CONSULTATION<\/h3>\n<p>[\/vc_column_text][vc_empty_space height=&#8221;50px&#8221;]<div role=\"form\" class=\"wpcf7\" id=\"wpcf7-f29209-o1\" lang=\"sk-SK\" dir=\"ltr\">\n<div class=\"screen-reader-response\"><p role=\"status\" aria-live=\"polite\" aria-atomic=\"true\"><\/p> <ul><\/ul><\/div>\n<form action=\"\/en\/wp-json\/wp\/v2\/pages\/29383#wpcf7-f29209-o1\" method=\"post\" class=\"wpcf7-form init\" novalidate=\"novalidate\" data-status=\"init\">\n<div style=\"display: none;\">\n<input type=\"hidden\" name=\"_wpcf7\" value=\"29209\" \/>\n<input type=\"hidden\" name=\"_wpcf7_version\" value=\"5.6.4\" \/>\n<input type=\"hidden\" name=\"_wpcf7_locale\" value=\"sk_SK\" \/>\n<input type=\"hidden\" name=\"_wpcf7_unit_tag\" value=\"wpcf7-f29209-o1\" \/>\n<input type=\"hidden\" name=\"_wpcf7_container_post\" value=\"0\" \/>\n<input type=\"hidden\" name=\"_wpcf7_posted_data_hash\" value=\"\" \/>\n<input type=\"hidden\" name=\"_wpcf7_recaptcha_response\" value=\"\" \/>\n<\/div>\n<div class=\"contact-form-style-3\">\n<p class=\"col-md-4 cf-style3-name\"><span class=\"wpcf7-form-control-wrap\" data-name=\"your-name\"><input type=\"text\" name=\"your-name\" value=\"\" size=\"40\" class=\"wpcf7-form-control wpcf7-text wpcf7-validates-as-required\" aria-required=\"true\" aria-invalid=\"false\" placeholder=\"Your name*\" \/><\/span><\/p>\n<p class=\"col-md-4 cf-style3-email\"><span class=\"wpcf7-form-control-wrap\" data-name=\"email\"><input type=\"email\" name=\"email\" value=\"\" size=\"40\" class=\"wpcf7-form-control wpcf7-text wpcf7-email wpcf7-validates-as-required wpcf7-validates-as-email\" aria-required=\"true\" aria-invalid=\"false\" placeholder=\"E-mail*\" \/><\/span><\/p>\n<p class=\"col-md-4 cf-style3-phone\"><span class=\"wpcf7-form-control-wrap\" data-name=\"phone\"><input type=\"text\" name=\"phone\" value=\"\" size=\"40\" class=\"wpcf7-form-control wpcf7-text\" aria-invalid=\"false\" placeholder=\"Phone\" \/><\/span><\/p>\n<div class=\"col-md-12 cf-style3-textarea\"><span class=\"wpcf7-form-control-wrap\" data-name=\"your-message\"><textarea name=\"your-message\" cols=\"40\" rows=\"10\" class=\"wpcf7-form-control wpcf7-textarea wpcf7-validates-as-required\" aria-required=\"true\" aria-invalid=\"false\" placeholder=\"Message*\"><\/textarea><\/span><\/div>\n<div>&nbsp;<\/div>\n<p class=\"col-md-12\" ><input type=\"submit\" value=\"Send a message\" class=\"wpcf7-form-control has-spinner wpcf7-submit\" \/><\/p>\n<\/div>\n<div class=\"wpcf7-response-output\" aria-hidden=\"true\"><\/div><\/form><\/div>[\/vc_column][\/vc_row]<\/p>\n","protected":false},"excerpt":{"rendered":"<p>[vc_row full_width=&#8221;stretch_row&#8221; equal_height=&#8221;yes&#8221; css=&#8221;.vc_custom_1529864433900{margin-bottom: 0px !important;padding-top: 80px !important;padding-bottom: 80px !important;}&#8221; el_id=&#8221;passive-it-infrastructure&#8221;][vc_column css=&#8221;.vc_custom_1461250612287{margin-top: 0px !important;}&#8221;][vc_row_inner equal_height=&#8221;yes&#8221; content_placement=&#8221;middle&#8221;][vc_column_inner width=&#8221;1\/2&#8243;][vc_column_text] PASSIVE IT INFRASTRUCTURE&#8230;<\/p>\n","protected":false},"author":1,"featured_media":0,"parent":29377,"menu_order":20,"comment_status":"closed","ping_status":"closed","template":"","meta":[],"yoast_head":"<!-- This site is optimized with the Yoast SEO plugin v19.8 - https:\/\/yoast.com\/wordpress\/plugins\/seo\/ -->\n<title>Network infrastructure - Aliga, s.r.o.<\/title>\n<meta name=\"robots\" content=\"index, follow, max-snippet:-1, max-image-preview:large, max-video-preview:-1\" \/>\n<link rel=\"canonical\" href=\"https:\/\/aliga.sk\/en\/products-and-services\/network-infrastructure\/\" \/>\n<meta property=\"og:locale\" content=\"en_US\" \/>\n<meta property=\"og:type\" content=\"article\" \/>\n<meta property=\"og:title\" content=\"Network infrastructure - Aliga, s.r.o.\" \/>\n<meta property=\"og:description\" content=\"[vc_row full_width=&#8221;stretch_row&#8221; equal_height=&#8221;yes&#8221; css=&#8221;.vc_custom_1529864433900{margin-bottom: 0px !important;padding-top: 80px !important;padding-bottom: 80px !important;}&#8221; el_id=&#8221;passive-it-infrastructure&#8221;][vc_column css=&#8221;.vc_custom_1461250612287{margin-top: 0px !important;}&#8221;][vc_row_inner equal_height=&#8221;yes&#8221; content_placement=&#8221;middle&#8221;][vc_column_inner width=&#8221;1\/2&#8243;][vc_column_text] PASSIVE IT INFRASTRUCTURE...\" \/>\n<meta property=\"og:url\" content=\"https:\/\/aliga.sk\/en\/products-and-services\/network-infrastructure\/\" \/>\n<meta property=\"og:site_name\" content=\"Aliga, s.r.o.\" \/>\n<meta property=\"article:modified_time\" content=\"2018-07-09T12:56:51+00:00\" \/>\n<meta name=\"twitter:card\" content=\"summary_large_image\" \/>\n<meta name=\"twitter:label1\" content=\"Est. reading time\" \/>\n\t<meta name=\"twitter:data1\" content=\"3 minutes\" \/>\n<script type=\"application\/ld+json\" class=\"yoast-schema-graph\">{\"@context\":\"https:\/\/schema.org\",\"@graph\":[{\"@type\":\"WebPage\",\"@id\":\"https:\/\/aliga.sk\/en\/products-and-services\/network-infrastructure\/\",\"url\":\"https:\/\/aliga.sk\/en\/products-and-services\/network-infrastructure\/\",\"name\":\"Network infrastructure - Aliga, s.r.o.\",\"isPartOf\":{\"@id\":\"https:\/\/aliga.sk\/#website\"},\"datePublished\":\"2018-06-24T17:22:23+00:00\",\"dateModified\":\"2018-07-09T12:56:51+00:00\",\"breadcrumb\":{\"@id\":\"https:\/\/aliga.sk\/en\/products-and-services\/network-infrastructure\/#breadcrumb\"},\"inLanguage\":\"en-US\",\"potentialAction\":[{\"@type\":\"ReadAction\",\"target\":[\"https:\/\/aliga.sk\/en\/products-and-services\/network-infrastructure\/\"]}]},{\"@type\":\"BreadcrumbList\",\"@id\":\"https:\/\/aliga.sk\/en\/products-and-services\/network-infrastructure\/#breadcrumb\",\"itemListElement\":[{\"@type\":\"ListItem\",\"position\":1,\"name\":\"Home\",\"item\":\"https:\/\/aliga.sk\/en\/\"},{\"@type\":\"ListItem\",\"position\":2,\"name\":\"Products and Services\",\"item\":\"https:\/\/aliga.sk\/en\/products-and-services\/\"},{\"@type\":\"ListItem\",\"position\":3,\"name\":\"Network infrastructure\"}]},{\"@type\":\"WebSite\",\"@id\":\"https:\/\/aliga.sk\/#website\",\"url\":\"https:\/\/aliga.sk\/\",\"name\":\"Aliga, s.r.o.\",\"description\":\"Dod\u00e1vate\u013e info-komunika\u010dn\u00fdch technol\u00f3gi\u00ed\",\"publisher\":{\"@id\":\"https:\/\/aliga.sk\/#organization\"},\"potentialAction\":[{\"@type\":\"SearchAction\",\"target\":{\"@type\":\"EntryPoint\",\"urlTemplate\":\"https:\/\/aliga.sk\/?s={search_term_string}\"},\"query-input\":\"required name=search_term_string\"}],\"inLanguage\":\"en-US\"},{\"@type\":\"Organization\",\"@id\":\"https:\/\/aliga.sk\/#organization\",\"name\":\"Aliga, s.r.o.\",\"url\":\"https:\/\/aliga.sk\/\",\"sameAs\":[],\"logo\":{\"@type\":\"ImageObject\",\"inLanguage\":\"en-US\",\"@id\":\"https:\/\/aliga.sk\/#\/schema\/logo\/image\/\",\"url\":\"https:\/\/aliga.sk\/wp-content\/uploads\/2018\/06\/logo_aliga_blue_desktop.png\",\"contentUrl\":\"https:\/\/aliga.sk\/wp-content\/uploads\/2018\/06\/logo_aliga_blue_desktop.png\",\"width\":462,\"height\":193,\"caption\":\"Aliga, s.r.o.\"},\"image\":{\"@id\":\"https:\/\/aliga.sk\/#\/schema\/logo\/image\/\"}}]}<\/script>\n<!-- \/ Yoast SEO plugin. -->","yoast_head_json":{"title":"Network infrastructure - Aliga, s.r.o.","robots":{"index":"index","follow":"follow","max-snippet":"max-snippet:-1","max-image-preview":"max-image-preview:large","max-video-preview":"max-video-preview:-1"},"canonical":"https:\/\/aliga.sk\/en\/products-and-services\/network-infrastructure\/","og_locale":"en_US","og_type":"article","og_title":"Network infrastructure - Aliga, s.r.o.","og_description":"[vc_row full_width=&#8221;stretch_row&#8221; equal_height=&#8221;yes&#8221; css=&#8221;.vc_custom_1529864433900{margin-bottom: 0px !important;padding-top: 80px !important;padding-bottom: 80px !important;}&#8221; el_id=&#8221;passive-it-infrastructure&#8221;][vc_column css=&#8221;.vc_custom_1461250612287{margin-top: 0px !important;}&#8221;][vc_row_inner equal_height=&#8221;yes&#8221; content_placement=&#8221;middle&#8221;][vc_column_inner width=&#8221;1\/2&#8243;][vc_column_text] PASSIVE IT INFRASTRUCTURE...","og_url":"https:\/\/aliga.sk\/en\/products-and-services\/network-infrastructure\/","og_site_name":"Aliga, s.r.o.","article_modified_time":"2018-07-09T12:56:51+00:00","twitter_card":"summary_large_image","twitter_misc":{"Est. reading time":"3 minutes"},"schema":{"@context":"https:\/\/schema.org","@graph":[{"@type":"WebPage","@id":"https:\/\/aliga.sk\/en\/products-and-services\/network-infrastructure\/","url":"https:\/\/aliga.sk\/en\/products-and-services\/network-infrastructure\/","name":"Network infrastructure - Aliga, s.r.o.","isPartOf":{"@id":"https:\/\/aliga.sk\/#website"},"datePublished":"2018-06-24T17:22:23+00:00","dateModified":"2018-07-09T12:56:51+00:00","breadcrumb":{"@id":"https:\/\/aliga.sk\/en\/products-and-services\/network-infrastructure\/#breadcrumb"},"inLanguage":"en-US","potentialAction":[{"@type":"ReadAction","target":["https:\/\/aliga.sk\/en\/products-and-services\/network-infrastructure\/"]}]},{"@type":"BreadcrumbList","@id":"https:\/\/aliga.sk\/en\/products-and-services\/network-infrastructure\/#breadcrumb","itemListElement":[{"@type":"ListItem","position":1,"name":"Home","item":"https:\/\/aliga.sk\/en\/"},{"@type":"ListItem","position":2,"name":"Products and Services","item":"https:\/\/aliga.sk\/en\/products-and-services\/"},{"@type":"ListItem","position":3,"name":"Network infrastructure"}]},{"@type":"WebSite","@id":"https:\/\/aliga.sk\/#website","url":"https:\/\/aliga.sk\/","name":"Aliga, s.r.o.","description":"Dod\u00e1vate\u013e info-komunika\u010dn\u00fdch technol\u00f3gi\u00ed","publisher":{"@id":"https:\/\/aliga.sk\/#organization"},"potentialAction":[{"@type":"SearchAction","target":{"@type":"EntryPoint","urlTemplate":"https:\/\/aliga.sk\/?s={search_term_string}"},"query-input":"required name=search_term_string"}],"inLanguage":"en-US"},{"@type":"Organization","@id":"https:\/\/aliga.sk\/#organization","name":"Aliga, s.r.o.","url":"https:\/\/aliga.sk\/","sameAs":[],"logo":{"@type":"ImageObject","inLanguage":"en-US","@id":"https:\/\/aliga.sk\/#\/schema\/logo\/image\/","url":"https:\/\/aliga.sk\/wp-content\/uploads\/2018\/06\/logo_aliga_blue_desktop.png","contentUrl":"https:\/\/aliga.sk\/wp-content\/uploads\/2018\/06\/logo_aliga_blue_desktop.png","width":462,"height":193,"caption":"Aliga, s.r.o."},"image":{"@id":"https:\/\/aliga.sk\/#\/schema\/logo\/image\/"}}]}},"_links":{"self":[{"href":"https:\/\/aliga.sk\/en\/wp-json\/wp\/v2\/pages\/29383"}],"collection":[{"href":"https:\/\/aliga.sk\/en\/wp-json\/wp\/v2\/pages"}],"about":[{"href":"https:\/\/aliga.sk\/en\/wp-json\/wp\/v2\/types\/page"}],"author":[{"embeddable":true,"href":"https:\/\/aliga.sk\/en\/wp-json\/wp\/v2\/users\/1"}],"replies":[{"embeddable":true,"href":"https:\/\/aliga.sk\/en\/wp-json\/wp\/v2\/comments?post=29383"}],"version-history":[{"count":0,"href":"https:\/\/aliga.sk\/en\/wp-json\/wp\/v2\/pages\/29383\/revisions"}],"up":[{"embeddable":true,"href":"https:\/\/aliga.sk\/en\/wp-json\/wp\/v2\/pages\/29377"}],"wp:attachment":[{"href":"https:\/\/aliga.sk\/en\/wp-json\/wp\/v2\/media?parent=29383"}],"curies":[{"name":"wp","href":"https:\/\/api.w.org\/{rel}","templated":true}]}}