{"id":29352,"date":"2018-06-24T17:53:35","date_gmt":"2018-06-24T15:53:35","guid":{"rendered":"https:\/\/aliga.sk\/?page_id=29352"},"modified":"2018-07-09T14:59:35","modified_gmt":"2018-07-09T12:59:35","slug":"contact","status":"publish","type":"page","link":"https:\/\/aliga.sk\/en\/contact\/","title":{"rendered":"Contact"},"content":{"rendered":"<p>[vc_row css=&#8221;.vc_custom_1528657027569{margin-bottom: 0px !important;padding-top: 80px !important;padding-bottom: 60px !important;}&#8221;][vc_column][vc_row_inner equal_height=&#8221;yes&#8221;][vc_column_inner width=&#8221;1\/4&#8243;]<div class=\"gem-textbox  centered-box\"  ><div class=\"gem-textbox-inner\" style=\"\"><div class=\"gem-textbox-content\" style=\"background-position: center top;padding-top: 43px;padding-bottom: 47px;\"><div class=\"centered-box\"><div class=\"gem-icon gem-icon-pack-elegant gem-icon-size-medium  gem-icon-shape-square gem-simple-icon\"  style=\"opacity: 1;\"><div class=\"gem-icon-inner\" style=\"\"><span class=\"gem-icon-half-1\" style=\"color: #0074c3;\"><span class=\"back-angle\">&#xe01d;<\/span><\/span><span class=\"gem-icon-half-2\" style=\"color: #0074c3;\"><span class=\"back-angle\">&#xe01d;<\/span><\/span><\/div><\/div><\/div><div class=\"clearboth\"><\/div><style>#thegem-divider-69ecb615466a9 {margin-top: 30px !important;}<\/style><div id=\"thegem-divider-69ecb615466a9\" class=\"gem-divider  \" style=\"\" ><\/div>[vc_column_text]<\/p>\n<div class=\"title-h5\" style=\"text-align: center;\">Adress<\/div>\n<p>[\/vc_column_text]<div class=\"clearboth\"><\/div><style>#thegem-divider-69ecb6154670c {margin-top: 10px !important;}<\/style><div id=\"thegem-divider-69ecb6154670c\" class=\"gem-divider  \" style=\"\" ><\/div>[vc_column_text]<\/p>\n<div style=\"text-align: center;\">\n<p>Robotn\u00edcka 1E, 036 01 Martin, Slovakia<\/p>\n<p>GPS: 49\u00b003\u201942.5\u2033N 18\u00b054\u201940.7\u2033E<\/p>\n<\/div>\n<p>[\/vc_column_text]<\/div><\/div><\/div>[\/vc_column_inner][vc_column_inner width=&#8221;1\/4&#8243;]<div class=\"gem-textbox  centered-box\"  ><div class=\"gem-textbox-inner\" style=\"\"><div class=\"gem-textbox-content\" style=\"background-position: center top;padding-top: 43px;padding-bottom: 47px;\"><div class=\"centered-box\"><div class=\"gem-icon gem-icon-pack-elegant gem-icon-size-medium  gem-icon-shape-square gem-simple-icon\"  style=\"opacity: 1;\"><div class=\"gem-icon-inner\" style=\"\"><span class=\"gem-icon-half-1\" style=\"color: #0074c3;\"><span class=\"back-angle\">&#xe00b;<\/span><\/span><span class=\"gem-icon-half-2\" style=\"color: #0074c3;\"><span class=\"back-angle\">&#xe00b;<\/span><\/span><\/div><\/div><\/div><div class=\"clearboth\"><\/div><style>#thegem-divider-69ecb61546869 {margin-top: 30px !important;}<\/style><div id=\"thegem-divider-69ecb61546869\" class=\"gem-divider  \" style=\"\" ><\/div>[vc_column_text]<\/p>\n<div class=\"title-h5\" style=\"text-align: center;\">Contacts<\/div>\n<p>[\/vc_column_text]<div class=\"clearboth\"><\/div><style>#thegem-divider-69ecb615468ab {margin-top: 10px !important;}<\/style><div id=\"thegem-divider-69ecb615468ab\" class=\"gem-divider  \" style=\"\" ><\/div>[vc_column_text]<\/p>\n<div style=\"text-align: center;\">\n<p>Tel.\/fax: +421 43 370 93 02<\/p>\n<p>E-mail: <a href=\"mailto:info@aliga.sk\">info@aliga.sk<\/a><br \/>\nWeb: <a href=\"http:\/\/aliga.sk\">www.aliga.sk<\/a><\/p>\n<\/div>\n<p>[\/vc_column_text]<\/div><\/div><\/div>[\/vc_column_inner][vc_column_inner width=&#8221;1\/4&#8243;]<div class=\"gem-textbox  centered-box\"  ><div class=\"gem-textbox-inner\" style=\"\"><div class=\"gem-textbox-content\" style=\"background-position: center top;padding-top: 43px;padding-bottom: 47px;\"><div class=\"centered-box\"><div class=\"gem-icon gem-icon-pack-elegant gem-icon-size-medium  gem-icon-shape-square gem-simple-icon\"  style=\"opacity: 1;\"><div class=\"gem-icon-inner\" style=\"\"><span class=\"gem-icon-half-1\" style=\"color: #0074c3;\"><span class=\"back-angle\">&#x62;<\/span><\/span><span class=\"gem-icon-half-2\" style=\"color: #0074c3;\"><span class=\"back-angle\">&#x62;<\/span><\/span><\/div><\/div><\/div><div class=\"clearboth\"><\/div><style>#thegem-divider-69ecb615469f5 {margin-top: 30px !important;}<\/style><div id=\"thegem-divider-69ecb615469f5\" class=\"gem-divider  \" style=\"\" ><\/div>[vc_column_text]<\/p>\n<div class=\"title-h5\" style=\"text-align: center;\">Company identification data<\/div>\n<p>[\/vc_column_text]<div class=\"clearboth\"><\/div><style>#thegem-divider-69ecb61546a34 {margin-top: 10px !important;}<\/style><div id=\"thegem-divider-69ecb61546a34\" class=\"gem-divider  \" style=\"\" ><\/div>[vc_column_text]<\/p>\n<p style=\"text-align: center;\">CID Nr.: 47104694<br \/>\nVAT Nr.: SK2023742963<\/p>\n<p style=\"text-align: center;\">Aliga s.r.o. is registered in Business Register of the District Court \u017dilina, Section Sro, Insert Nr.: <a href=\"http:\/\/orsr.sk\/vypis.asp?ID=263872&amp;SID=5&amp;P=0&amp;lan=en\" target=\"_blank\" rel=\"noopener\">58797\/L<\/a><\/p>\n<p>[\/vc_column_text]<\/div><\/div><\/div>[\/vc_column_inner][vc_column_inner width=&#8221;1\/4&#8243;][vc_empty_space height=&#8221;80px&#8221;][vc_single_image image=&#8221;25696&#8243; img_size=&#8221;200&#215;200&#8243; alignment=&#8221;center&#8221; style=&#8221;vc_box_shadow_3d&#8221; onclick=&#8221;link_image&#8221;][\/vc_column_inner][\/vc_row_inner][\/vc_column][\/vc_row][vc_row css=&#8221;.vc_custom_1528656504557{margin-bottom: 0px !important;}&#8221;][vc_column css=&#8221;.vc_custom_1516886890129{margin-bottom: 0px !important;}&#8221;][vc_gmaps link=&#8221;#E-8_JTNDaWZyYW1lJTIwc3JjJTNEJTIyaHR0cHMlM0ElMkYlMkZ3d3cuZ29vZ2xlLmNvbSUyRm1hcHMlMkZlbWJlZCUzRnBiJTNEJTIxMW0xNCUyMTFtOCUyMTFtMyUyMTFkNTIyOC42MTMwMzc2ODg3MzUlMjEyZDE4LjkxMTMxOSUyMTNkNDkuMDYxODA4JTIxM20yJTIxMWkxMDI0JTIxMmk3NjglMjE0ZjEzLjElMjEzbTMlMjExbTIlMjExczB4MCUyNTNBMHg0OTVlMDYyMGJjMjQwZDZjJTIxMnNBbGlnYSUyQnMuci5vLiUyMTVlMCUyMTNtMiUyMTFzc2slMjEyc3NrJTIxNHYxNTA5NDQ0OTc2MDMzJTIyJTIwd2lkdGglM0QlMjIxMDAlMjUlMjIlMjBoZWlnaHQlM0QlMjIzNjglMjIlMjBmcmFtZWJvcmRlciUzRCUyMjAlMjIlMjBzdHlsZSUzRCUyMmJvcmRlciUzQTAlMjIlMjBhbGxvd2Z1bGxzY3JlZW4lM0UlM0MlMkZpZnJhbWUlM0U=&#8221; disable_scroll=&#8221;1&#8243;][\/vc_column][\/vc_row][vc_row full_width=&#8221;stretch_row&#8221; content_placement=&#8221;middle&#8221; css=&#8221;.vc_custom_1530263328139{margin-bottom: 0px !important;padding-top: 80px !important;}&#8221;][vc_column][vc_column_text]<\/p>\n<h3 style=\"text-align: center;\">CONTACT US<\/h3>\n<p>[\/vc_column_text][vc_empty_space height=&#8221;50px&#8221;]<div role=\"form\" class=\"wpcf7\" id=\"wpcf7-f29208-o1\" lang=\"sk-SK\" dir=\"ltr\">\n<div class=\"screen-reader-response\"><p role=\"status\" aria-live=\"polite\" aria-atomic=\"true\"><\/p> <ul><\/ul><\/div>\n<form action=\"\/en\/wp-json\/wp\/v2\/pages\/29352#wpcf7-f29208-o1\" method=\"post\" class=\"wpcf7-form init\" novalidate=\"novalidate\" data-status=\"init\">\n<div style=\"display: none;\">\n<input type=\"hidden\" name=\"_wpcf7\" value=\"29208\" \/>\n<input type=\"hidden\" name=\"_wpcf7_version\" value=\"5.6.4\" \/>\n<input type=\"hidden\" name=\"_wpcf7_locale\" value=\"sk_SK\" \/>\n<input type=\"hidden\" name=\"_wpcf7_unit_tag\" value=\"wpcf7-f29208-o1\" \/>\n<input type=\"hidden\" name=\"_wpcf7_container_post\" value=\"0\" \/>\n<input type=\"hidden\" name=\"_wpcf7_posted_data_hash\" value=\"\" \/>\n<input type=\"hidden\" name=\"_wpcf7_recaptcha_response\" value=\"\" \/>\n<\/div>\n<div class=\"contact-form-style-3\">\n<p class=\"col-md-4 cf-style3-name\"><span class=\"wpcf7-form-control-wrap\" data-name=\"your-name\"><input type=\"text\" name=\"your-name\" value=\"\" size=\"40\" class=\"wpcf7-form-control wpcf7-text wpcf7-validates-as-required\" aria-required=\"true\" aria-invalid=\"false\" placeholder=\"Your name*\" \/><\/span><\/p>\n<p class=\"col-md-4 cf-style3-email\"><span class=\"wpcf7-form-control-wrap\" data-name=\"email\"><input type=\"email\" name=\"email\" value=\"\" size=\"40\" class=\"wpcf7-form-control wpcf7-text wpcf7-email wpcf7-validates-as-required wpcf7-validates-as-email\" aria-required=\"true\" aria-invalid=\"false\" placeholder=\"E-mail*\" \/><\/span><\/p>\n<p class=\"col-md-4 cf-style3-phone\"><span class=\"wpcf7-form-control-wrap\" data-name=\"phone\"><input type=\"text\" name=\"phone\" value=\"\" size=\"40\" class=\"wpcf7-form-control wpcf7-text\" aria-invalid=\"false\" placeholder=\"Phone\" \/><\/span><\/p>\n<div class=\"col-md-12 cf-style3-textarea\"><span class=\"wpcf7-form-control-wrap\" data-name=\"your-message\"><textarea name=\"your-message\" cols=\"40\" rows=\"10\" class=\"wpcf7-form-control wpcf7-textarea wpcf7-validates-as-required\" aria-required=\"true\" aria-invalid=\"false\" placeholder=\"Message*\"><\/textarea><\/span><\/div>\n<div>&nbsp;<\/div>\n<p class=\"col-md-12\" ><input type=\"submit\" value=\"Send a message\" class=\"wpcf7-form-control has-spinner wpcf7-submit\" \/><\/p>\n<\/div>\n<div class=\"wpcf7-response-output\" aria-hidden=\"true\"><\/div><\/form><\/div>[\/vc_column][\/vc_row]<\/p>\n","protected":false},"excerpt":{"rendered":"<p>[vc_row css=&#8221;.vc_custom_1528657027569{margin-bottom: 0px !important;padding-top: 80px !important;padding-bottom: 60px !important;}&#8221;][vc_column][vc_row_inner equal_height=&#8221;yes&#8221;][vc_column_inner width=&#8221;1\/4&#8243;][\/vc_column_inner][vc_column_inner width=&#8221;1\/4&#8243;][\/vc_column_inner][vc_column_inner width=&#8221;1\/4&#8243;][\/vc_column_inner][vc_column_inner width=&#8221;1\/4&#8243;][vc_empty_space height=&#8221;80px&#8221;][vc_single_image image=&#8221;25696&#8243; img_size=&#8221;200&#215;200&#8243; alignment=&#8221;center&#8221; style=&#8221;vc_box_shadow_3d&#8221; onclick=&#8221;link_image&#8221;][\/vc_column_inner][\/vc_row_inner][\/vc_column][\/vc_row][vc_row css=&#8221;.vc_custom_1528656504557{margin-bottom:&#8230;<\/p>\n","protected":false},"author":1,"featured_media":0,"parent":0,"menu_order":60,"comment_status":"closed","ping_status":"closed","template":"","meta":[],"yoast_head":"<!-- This site is optimized with the Yoast SEO plugin v19.8 - https:\/\/yoast.com\/wordpress\/plugins\/seo\/ -->\n<title>Contact - Aliga, s.r.o.<\/title>\n<meta name=\"robots\" content=\"index, follow, max-snippet:-1, max-image-preview:large, max-video-preview:-1\" \/>\n<link rel=\"canonical\" href=\"https:\/\/aliga.sk\/en\/contact\/\" \/>\n<meta property=\"og:locale\" content=\"en_US\" \/>\n<meta property=\"og:type\" content=\"article\" \/>\n<meta property=\"og:title\" content=\"Contact - Aliga, s.r.o.\" \/>\n<meta property=\"og:description\" content=\"[vc_row css=&#8221;.vc_custom_1528657027569{margin-bottom: 0px !important;padding-top: 80px !important;padding-bottom: 60px !important;}&#8221;][vc_column][vc_row_inner equal_height=&#8221;yes&#8221;][vc_column_inner width=&#8221;1\/4&#8243;][\/vc_column_inner][vc_column_inner width=&#8221;1\/4&#8243;][\/vc_column_inner][vc_column_inner width=&#8221;1\/4&#8243;][\/vc_column_inner][vc_column_inner width=&#8221;1\/4&#8243;][vc_empty_space height=&#8221;80px&#8221;][vc_single_image image=&#8221;25696&#8243; img_size=&#8221;200&#215;200&#8243; alignment=&#8221;center&#8221; style=&#8221;vc_box_shadow_3d&#8221; onclick=&#8221;link_image&#8221;][\/vc_column_inner][\/vc_row_inner][\/vc_column][\/vc_row][vc_row css=&#8221;.vc_custom_1528656504557{margin-bottom:...\" \/>\n<meta property=\"og:url\" content=\"https:\/\/aliga.sk\/en\/contact\/\" \/>\n<meta property=\"og:site_name\" content=\"Aliga, s.r.o.\" \/>\n<meta property=\"article:modified_time\" content=\"2018-07-09T12:59:35+00:00\" \/>\n<meta name=\"twitter:card\" content=\"summary_large_image\" \/>\n<meta name=\"twitter:label1\" content=\"Est. reading time\" \/>\n\t<meta name=\"twitter:data1\" content=\"2 minutes\" \/>\n<script type=\"application\/ld+json\" class=\"yoast-schema-graph\">{\"@context\":\"https:\/\/schema.org\",\"@graph\":[{\"@type\":\"WebPage\",\"@id\":\"https:\/\/aliga.sk\/en\/contact\/\",\"url\":\"https:\/\/aliga.sk\/en\/contact\/\",\"name\":\"Contact - Aliga, s.r.o.\",\"isPartOf\":{\"@id\":\"https:\/\/aliga.sk\/#website\"},\"datePublished\":\"2018-06-24T15:53:35+00:00\",\"dateModified\":\"2018-07-09T12:59:35+00:00\",\"breadcrumb\":{\"@id\":\"https:\/\/aliga.sk\/en\/contact\/#breadcrumb\"},\"inLanguage\":\"en-US\",\"potentialAction\":[{\"@type\":\"ReadAction\",\"target\":[\"https:\/\/aliga.sk\/en\/contact\/\"]}]},{\"@type\":\"BreadcrumbList\",\"@id\":\"https:\/\/aliga.sk\/en\/contact\/#breadcrumb\",\"itemListElement\":[{\"@type\":\"ListItem\",\"position\":1,\"name\":\"Home\",\"item\":\"https:\/\/aliga.sk\/en\/\"},{\"@type\":\"ListItem\",\"position\":2,\"name\":\"Contact\"}]},{\"@type\":\"WebSite\",\"@id\":\"https:\/\/aliga.sk\/#website\",\"url\":\"https:\/\/aliga.sk\/\",\"name\":\"Aliga, s.r.o.\",\"description\":\"Dod\u00e1vate\u013e info-komunika\u010dn\u00fdch technol\u00f3gi\u00ed\",\"publisher\":{\"@id\":\"https:\/\/aliga.sk\/#organization\"},\"potentialAction\":[{\"@type\":\"SearchAction\",\"target\":{\"@type\":\"EntryPoint\",\"urlTemplate\":\"https:\/\/aliga.sk\/?s={search_term_string}\"},\"query-input\":\"required name=search_term_string\"}],\"inLanguage\":\"en-US\"},{\"@type\":\"Organization\",\"@id\":\"https:\/\/aliga.sk\/#organization\",\"name\":\"Aliga, s.r.o.\",\"url\":\"https:\/\/aliga.sk\/\",\"sameAs\":[],\"logo\":{\"@type\":\"ImageObject\",\"inLanguage\":\"en-US\",\"@id\":\"https:\/\/aliga.sk\/#\/schema\/logo\/image\/\",\"url\":\"https:\/\/aliga.sk\/wp-content\/uploads\/2018\/06\/logo_aliga_blue_desktop.png\",\"contentUrl\":\"https:\/\/aliga.sk\/wp-content\/uploads\/2018\/06\/logo_aliga_blue_desktop.png\",\"width\":462,\"height\":193,\"caption\":\"Aliga, s.r.o.\"},\"image\":{\"@id\":\"https:\/\/aliga.sk\/#\/schema\/logo\/image\/\"}}]}<\/script>\n<!-- \/ Yoast SEO plugin. -->","yoast_head_json":{"title":"Contact - Aliga, s.r.o.","robots":{"index":"index","follow":"follow","max-snippet":"max-snippet:-1","max-image-preview":"max-image-preview:large","max-video-preview":"max-video-preview:-1"},"canonical":"https:\/\/aliga.sk\/en\/contact\/","og_locale":"en_US","og_type":"article","og_title":"Contact - Aliga, s.r.o.","og_description":"[vc_row css=&#8221;.vc_custom_1528657027569{margin-bottom: 0px !important;padding-top: 80px !important;padding-bottom: 60px !important;}&#8221;][vc_column][vc_row_inner equal_height=&#8221;yes&#8221;][vc_column_inner width=&#8221;1\/4&#8243;][\/vc_column_inner][vc_column_inner width=&#8221;1\/4&#8243;][\/vc_column_inner][vc_column_inner width=&#8221;1\/4&#8243;][\/vc_column_inner][vc_column_inner width=&#8221;1\/4&#8243;][vc_empty_space height=&#8221;80px&#8221;][vc_single_image image=&#8221;25696&#8243; img_size=&#8221;200&#215;200&#8243; alignment=&#8221;center&#8221; style=&#8221;vc_box_shadow_3d&#8221; onclick=&#8221;link_image&#8221;][\/vc_column_inner][\/vc_row_inner][\/vc_column][\/vc_row][vc_row css=&#8221;.vc_custom_1528656504557{margin-bottom:...","og_url":"https:\/\/aliga.sk\/en\/contact\/","og_site_name":"Aliga, s.r.o.","article_modified_time":"2018-07-09T12:59:35+00:00","twitter_card":"summary_large_image","twitter_misc":{"Est. reading time":"2 minutes"},"schema":{"@context":"https:\/\/schema.org","@graph":[{"@type":"WebPage","@id":"https:\/\/aliga.sk\/en\/contact\/","url":"https:\/\/aliga.sk\/en\/contact\/","name":"Contact - Aliga, s.r.o.","isPartOf":{"@id":"https:\/\/aliga.sk\/#website"},"datePublished":"2018-06-24T15:53:35+00:00","dateModified":"2018-07-09T12:59:35+00:00","breadcrumb":{"@id":"https:\/\/aliga.sk\/en\/contact\/#breadcrumb"},"inLanguage":"en-US","potentialAction":[{"@type":"ReadAction","target":["https:\/\/aliga.sk\/en\/contact\/"]}]},{"@type":"BreadcrumbList","@id":"https:\/\/aliga.sk\/en\/contact\/#breadcrumb","itemListElement":[{"@type":"ListItem","position":1,"name":"Home","item":"https:\/\/aliga.sk\/en\/"},{"@type":"ListItem","position":2,"name":"Contact"}]},{"@type":"WebSite","@id":"https:\/\/aliga.sk\/#website","url":"https:\/\/aliga.sk\/","name":"Aliga, s.r.o.","description":"Dod\u00e1vate\u013e info-komunika\u010dn\u00fdch technol\u00f3gi\u00ed","publisher":{"@id":"https:\/\/aliga.sk\/#organization"},"potentialAction":[{"@type":"SearchAction","target":{"@type":"EntryPoint","urlTemplate":"https:\/\/aliga.sk\/?s={search_term_string}"},"query-input":"required name=search_term_string"}],"inLanguage":"en-US"},{"@type":"Organization","@id":"https:\/\/aliga.sk\/#organization","name":"Aliga, s.r.o.","url":"https:\/\/aliga.sk\/","sameAs":[],"logo":{"@type":"ImageObject","inLanguage":"en-US","@id":"https:\/\/aliga.sk\/#\/schema\/logo\/image\/","url":"https:\/\/aliga.sk\/wp-content\/uploads\/2018\/06\/logo_aliga_blue_desktop.png","contentUrl":"https:\/\/aliga.sk\/wp-content\/uploads\/2018\/06\/logo_aliga_blue_desktop.png","width":462,"height":193,"caption":"Aliga, s.r.o."},"image":{"@id":"https:\/\/aliga.sk\/#\/schema\/logo\/image\/"}}]}},"_links":{"self":[{"href":"https:\/\/aliga.sk\/en\/wp-json\/wp\/v2\/pages\/29352"}],"collection":[{"href":"https:\/\/aliga.sk\/en\/wp-json\/wp\/v2\/pages"}],"about":[{"href":"https:\/\/aliga.sk\/en\/wp-json\/wp\/v2\/types\/page"}],"author":[{"embeddable":true,"href":"https:\/\/aliga.sk\/en\/wp-json\/wp\/v2\/users\/1"}],"replies":[{"embeddable":true,"href":"https:\/\/aliga.sk\/en\/wp-json\/wp\/v2\/comments?post=29352"}],"version-history":[{"count":0,"href":"https:\/\/aliga.sk\/en\/wp-json\/wp\/v2\/pages\/29352\/revisions"}],"wp:attachment":[{"href":"https:\/\/aliga.sk\/en\/wp-json\/wp\/v2\/media?parent=29352"}],"curies":[{"name":"wp","href":"https:\/\/api.w.org\/{rel}","templated":true}]}}