{"id":29350,"date":"2018-06-24T17:47:09","date_gmt":"2018-06-24T15:47:09","guid":{"rendered":"https:\/\/aliga.sk\/?page_id=29350"},"modified":"2024-05-24T12:25:58","modified_gmt":"2024-05-24T10:25:58","slug":"company","status":"publish","type":"page","link":"https:\/\/aliga.sk\/en\/company\/","title":{"rendered":"Company"},"content":{"rendered":"<p>[vc_row full_width=&#8221;stretch_row&#8221; equal_height=&#8221;yes&#8221; parallax=&#8221;content-moving&#8221; parallax_image=&#8221;27134&#8243; parallax_speed_bg=&#8221;1.8&#8243; css=&#8221;.vc_custom_1529865409629{margin-bottom: 0px !important;padding-top: 40px !important;padding-bottom: 50px !important;}&#8221; el_id=&#8221;our-profile&#8221;][vc_column css=&#8221;.vc_custom_1461250612287{margin-top: 0px !important;}&#8221;][vc_row_inner equal_height=&#8221;yes&#8221;][vc_column_inner width=&#8221;1\/2&#8243;][vc_column_text]<\/p>\n<h3>OUR PROFILE<\/h3>\n<p>[\/vc_column_text][vc_empty_space height=&#8221;50px&#8221;][vc_column_text]<\/p>\n<p style=\"text-align: justify;\">Aliga is the IT company with strong ambitions in areas of IT infrastructure, Cyber Security and Video conferencing solutions. We are focusing on emerging technologies, trying to deliver the best-in-class, high value solutions to our customers. Doing that, we rely on the long-term experience of our engineers and the cooperation with A-brand vendors such as <strong>Cisco<\/strong>, <strong>Radware<\/strong>, <strong>Flowmon<\/strong>, <strong>SentinelOne<\/strong>, <strong>Polycom<\/strong> or <strong>Schrack<\/strong>.<\/p>\n<p>&nbsp;<\/p>\n<p style=\"text-align: justify;\">An important part of our portfolio represents the Smart Solution offering. In close cooperation with our technology partners <strong><a href=\"https:\/\/www.sewio.net\" target=\"_blank\" rel=\"noopener noreferrer\">Sewio<\/a><\/strong> and <strong>Sensoneo<\/strong>, we designed the particular solutions for:<\/p>\n<p>[\/vc_column_text]<div class=\"gem-list gem-list-type-disc-style-1\" ><ul>\n<li>Location of technologies and people in the industrial environment<\/li>\n<li>Automated management of industrial logistics and warehouse<\/li>\n<li>Advanced system of intelligent parking management<\/li>\n<li>Smart waste management<\/li>\n<\/ul>\n<\/div>[vc_column_text]<\/p>\n<div>Learn more in the <a href=\"\/en\/products-and-services\/smart-solutions\/\">Smart Solutions<\/a> section.<\/div>\n<p>[\/vc_column_text][\/vc_column_inner][vc_column_inner width=&#8221;1\/2&#8243; css=&#8221;.vc_custom_1458378603328{background-position: center !important;background-repeat: no-repeat !important;background-size: contain !important;}&#8221;]<div class=\"centered-box gem-image-centered-box\"><div class=\"gem-image gem-wrapbox gem-wrapbox-style-default gem-wrapbox-position-centered lazy-loading\"  style=\"\"><div class=\"gem-wrapbox-inner  lazy-loading-item\"  data-ll-effect=\"move-up\"><img class=\"gem-wrapbox-element img-responsive\" src=\"https:\/\/aliga.sk\/wp-content\/uploads\/2018\/02\/profil.png\" alt=\"\"\/><\/div><\/div><\/div>[\/vc_column_inner][\/vc_row_inner][vc_row_inner][vc_column_inner][vc_column_text]<\/p>\n<p style=\"text-align: justify;\">We are committed to deliver the complex and professional solutions in all areas of our technology focus, in order to enable our customers to use IT as a business tool, rather than part of necessary expenses. In all what we do, the highest possible value is the key factor we\u2019re heading for.<\/p>\n<p>[\/vc_column_text][vc_empty_space height=&#8221;30px&#8221;][\/vc_column_inner][\/vc_row_inner][vc_row_inner content_placement=&#8221;middle&#8221; css=&#8221;.vc_custom_1529835086615{margin-top: 2px !important;margin-right: 2px !important;margin-bottom: 2px !important;margin-left: 2px !important;padding-top: 15px !important;padding-right: 15px !important;padding-bottom: 15px !important;padding-left: 15px !important;background-color: #f4f6f7 !important;}&#8221;][vc_column_inner width=&#8221;1\/4&#8243;][vc_single_image image=&#8221;29222&#8243; img_size=&#8221;full&#8221; alignment=&#8221;center&#8221;][\/vc_column_inner][vc_column_inner width=&#8221;3\/4&#8243;][vc_column_text]<\/p>\n<div class=\"styled-subtitle\" style=\"text-align: justify;\">\n<p>In 2018 we established the Research &amp; Development Center in Martin. The purpose of Center is to develop the advanced solutions for industrial RTLS.<\/p>\n<p>The Center is co-funded by EU fund &#8211; European Regional Development Fund, from priority area \u2013 Research and Innovations.<\/p><\/div>\n<p>[\/vc_column_text][\/vc_column_inner][\/vc_row_inner][vc_empty_space height=&#8221;30px&#8221;][\/vc_column][\/vc_row][vc_row full_width=&#8221;stretch_row&#8221; el_id=&#8221;technology-partners&#8221; css=&#8221;.vc_custom_1529865436350{margin-bottom: 0px !important;padding-top: 80px !important;padding-bottom: 80px !important;background-color: rgba(244,246,247,0.44) !important;*background-color: rgb(244,246,247) !important;}&#8221;][vc_column][vc_column_text css_animation=&#8221;fade&#8221;]<\/p>\n<h3 style=\"text-align: center;\">TECHNOLOGY PARTNERS<\/h3>\n<p>[\/vc_column_text][vc_empty_space height=&#8221;30px&#8221;][vc_column_text css_animation=&#8221;fade&#8221;]<\/p>\n<div class=\"styled-subtitle\" style=\"text-align: center;\">We are technology partner of the following Vendors<\/div>\n<p>[\/vc_column_text][vc_empty_space height=&#8221;80px&#8221;]<div class=\"preloader\"><div class=\"preloader-spin\"><\/div><\/div><div class=\"gem-clients gem-clients-type-carousel-grid disable-grayscale lazy-loading\" data-autoscroll=\"0\"><div class=\"gem-clients-slide\"><div class=\"gem-clients-slide-inner clearfix\"> <div id=\"post-28446\" class=\"gem-client-item lazy-loading-item post-28446 thegem_client type-thegem_client status-publish has-post-thumbnail\" style=\"width: 20%;\" data-ll-effect=\"drop-bottom\"> <a href=\"#partneri\" target=\"_self\" class=\"gscale\"> <img width=\"300\" height=\"160\" src=\"https:\/\/aliga.sk\/wp-content\/uploads\/2018\/04\/logo_cisco_00.png\" class=\"img-responsive wp-post-image\" alt=\"logo_cisco\" loading=\"lazy\" \/>\t<\/a> <\/div> <div id=\"post-28432\" class=\"gem-client-item lazy-loading-item post-28432 thegem_client type-thegem_client status-publish has-post-thumbnail\" style=\"width: 20%;\" data-ll-effect=\"drop-bottom\"> <a href=\"#partneri\" target=\"_self\" class=\"gscale\"> <img width=\"300\" height=\"160\" src=\"https:\/\/aliga.sk\/wp-content\/uploads\/2018\/04\/logo_axis_0.png\" class=\"img-responsive wp-post-image\" alt=\"logo_axis\" loading=\"lazy\" \/>\t<\/a> <\/div> <div id=\"post-28433\" class=\"gem-client-item lazy-loading-item post-28433 thegem_client type-thegem_client status-publish has-post-thumbnail\" style=\"width: 20%;\" data-ll-effect=\"drop-bottom\"> <a href=\"#partneri\" target=\"_self\" class=\"gscale\"> <img width=\"300\" height=\"160\" src=\"https:\/\/aliga.sk\/wp-content\/uploads\/2018\/04\/logo_flowmon_0.png\" class=\"img-responsive wp-post-image\" alt=\"logo_flowmon\" loading=\"lazy\" \/>\t<\/a> <\/div> <div id=\"post-31420\" class=\"gem-client-item lazy-loading-item post-31420 thegem_client type-thegem_client status-publish has-post-thumbnail\" style=\"width: 20%;\" data-ll-effect=\"drop-bottom\"> <a href=\"#partneri\" target=\"_self\" class=\"gscale\"> <img width=\"300\" height=\"160\" src=\"https:\/\/aliga.sk\/wp-content\/uploads\/2024\/03\/logo_fortinet.png\" class=\"img-responsive wp-post-image\" alt=\"logo_fortinet\" loading=\"lazy\" \/>\t<\/a> <\/div> <div id=\"post-31449\" class=\"gem-client-item lazy-loading-item post-31449 thegem_client type-thegem_client status-publish has-post-thumbnail\" style=\"width: 20%;\" data-ll-effect=\"drop-bottom\"> <a href=\"#partneri\" target=\"_self\" class=\"gscale\"> <img width=\"300\" height=\"160\" src=\"https:\/\/aliga.sk\/wp-content\/uploads\/2024\/05\/logo_sentinelone.png\" class=\"img-responsive wp-post-image\" alt=\"logo_sentinelone\" loading=\"lazy\" \/>\t<\/a> <\/div> <div id=\"post-31471\" class=\"gem-client-item lazy-loading-item post-31471 thegem_client type-thegem_client status-publish has-post-thumbnail\" style=\"width: 20%;\" data-ll-effect=\"drop-bottom\"> <a href=\"#partneri\" target=\"_self\" class=\"gscale\"> <img width=\"300\" height=\"160\" src=\"https:\/\/aliga.sk\/wp-content\/uploads\/2024\/06\/logo_2N.png\" class=\"img-responsive wp-post-image\" alt=\"logo_2N\" loading=\"lazy\" \/>\t<\/a> <\/div> <div id=\"post-28423\" class=\"gem-client-item lazy-loading-item post-28423 thegem_client type-thegem_client status-publish has-post-thumbnail\" style=\"width: 20%;\" data-ll-effect=\"drop-bottom\"> <a href=\"#partneri\" target=\"_self\" class=\"gscale\"> <img width=\"300\" height=\"160\" src=\"https:\/\/aliga.sk\/wp-content\/uploads\/2019\/04\/logo_imperva_0.png\" class=\"img-responsive wp-post-image\" alt=\"imperva\" loading=\"lazy\" \/>\t<\/a> <\/div> <div id=\"post-31103\" class=\"gem-client-item lazy-loading-item post-31103 thegem_client type-thegem_client status-publish has-post-thumbnail\" style=\"width: 20%;\" data-ll-effect=\"drop-bottom\"> <a href=\"#partneri\" target=\"_self\" class=\"gscale\"> <img width=\"300\" height=\"160\" src=\"https:\/\/aliga.sk\/wp-content\/uploads\/2020\/06\/logo_paloalto_networks_0.png\" class=\"img-responsive wp-post-image\" alt=\"logo_paloalto_networks_0\" loading=\"lazy\" \/>\t<\/a> <\/div> <div id=\"post-28435\" class=\"gem-client-item lazy-loading-item post-28435 thegem_client type-thegem_client status-publish has-post-thumbnail\" style=\"width: 20%;\" data-ll-effect=\"drop-bottom\"> <a href=\"#partneri\" target=\"_self\" class=\"gscale\"> <img width=\"300\" height=\"160\" src=\"https:\/\/aliga.sk\/wp-content\/uploads\/2018\/04\/logo_polycom_0.png\" class=\"img-responsive wp-post-image\" alt=\"logo_polycom\" loading=\"lazy\" \/>\t<\/a> <\/div> <div id=\"post-28436\" class=\"gem-client-item lazy-loading-item post-28436 thegem_client type-thegem_client status-publish has-post-thumbnail\" style=\"width: 20%;\" data-ll-effect=\"drop-bottom\"> <a href=\"#partneri\" target=\"_self\" class=\"gscale\"> <img width=\"300\" height=\"160\" src=\"https:\/\/aliga.sk\/wp-content\/uploads\/2018\/04\/logo_rm_0.png\" class=\"img-responsive wp-post-image\" alt=\"logo_rm\" loading=\"lazy\" \/>\t<\/a> <\/div> <div id=\"post-28434\" class=\"gem-client-item lazy-loading-item post-28434 thegem_client type-thegem_client status-publish has-post-thumbnail\" style=\"width: 20%;\" data-ll-effect=\"drop-bottom\"> <a href=\"#partneri\" target=\"_self\" class=\"gscale\"> <img width=\"300\" height=\"160\" src=\"https:\/\/aliga.sk\/wp-content\/uploads\/2018\/04\/logo_radware_0.png\" class=\"img-responsive wp-post-image\" alt=\"logo_radware\" loading=\"lazy\" \/>\t<\/a> <\/div> <div id=\"post-28587\" class=\"gem-client-item lazy-loading-item post-28587 thegem_client type-thegem_client status-publish has-post-thumbnail\" style=\"width: 20%;\" data-ll-effect=\"drop-bottom\"> <a href=\"#partneri\" target=\"_self\" class=\"gscale\"> <img width=\"300\" height=\"160\" src=\"https:\/\/aliga.sk\/wp-content\/uploads\/2018\/05\/logo_schrack_00.png\" class=\"img-responsive wp-post-image\" alt=\"logo_schrack\" loading=\"lazy\" \/>\t<\/a> <\/div> <div id=\"post-31124\" class=\"gem-client-item lazy-loading-item post-31124 thegem_client type-thegem_client status-publish has-post-thumbnail\" style=\"width: 20%;\" data-ll-effect=\"drop-bottom\"> <a href=\"#partneri\" target=\"_self\" class=\"gscale\"> <img width=\"300\" height=\"160\" src=\"https:\/\/aliga.sk\/wp-content\/uploads\/2020\/07\/logo_tufin_0.png\" class=\"img-responsive wp-post-image\" alt=\"logo_tufin_0\" loading=\"lazy\" \/>\t<\/a> <\/div> <div id=\"post-28438\" class=\"gem-client-item lazy-loading-item post-28438 thegem_client type-thegem_client status-publish has-post-thumbnail\" style=\"width: 20%;\" data-ll-effect=\"drop-bottom\"> <a href=\"#partneri\" target=\"_self\" class=\"gscale\"> <img width=\"300\" height=\"160\" src=\"https:\/\/aliga.sk\/wp-content\/uploads\/2018\/04\/logo_sewio_0.png\" class=\"img-responsive wp-post-image\" alt=\"logo_sewio\" loading=\"lazy\" \/>\t<\/a> <\/div> <div id=\"post-28437\" class=\"gem-client-item lazy-loading-item post-28437 thegem_client type-thegem_client status-publish has-post-thumbnail\" style=\"width: 20%;\" data-ll-effect=\"drop-bottom\"> <a href=\"#partneri\" target=\"_self\" class=\"gscale\"> <img width=\"300\" height=\"160\" src=\"https:\/\/aliga.sk\/wp-content\/uploads\/2018\/04\/logo_sensoneo_0.png\" class=\"img-responsive wp-post-image\" alt=\"logo_sensoneo\" loading=\"lazy\" \/>\t<\/a> <\/div><\/div><\/div><\/div>[\/vc_column][\/vc_row][vc_row full_width=&#8221;stretch_row&#8221; css=&#8221;.vc_custom_1529865457521{margin-bottom: 0px !important;padding-top: 80px !important;padding-bottom: 80px !important;}&#8221; el_id=&#8221;careers&#8221;][vc_column][vc_column_text]<\/p>\n<h3 style=\"text-align: center;\">CAREERS<\/h3>\n<p>[\/vc_column_text][vc_empty_space height=&#8221;50px&#8221;][vc_row_inner css=&#8221;.vc_custom_1518645669819{margin-bottom: 0px !important;}&#8221;][vc_column_inner][vc_column_text css_animation=&#8221;fade&#8221;]<\/p>\n<p style=\"text-align: justify;\">We are not a headcount-oriented company. On the contrary, we will welcome anytime ambitious people with clear idea about their career. The only request is to have the vision of joining such ideas with the vision of our company. Would you like to have a friendly chat about such vision? Give us a call or write an email.<\/p>\n<p>[\/vc_column_text][vc_empty_space height=&#8221;50px&#8221;]<div role=\"form\" class=\"wpcf7\" id=\"wpcf7-f29233-o1\" lang=\"sk-SK\" dir=\"ltr\">\n<div class=\"screen-reader-response\"><p role=\"status\" aria-live=\"polite\" aria-atomic=\"true\"><\/p> <ul><\/ul><\/div>\n<form action=\"\/en\/wp-json\/wp\/v2\/pages\/29350#wpcf7-f29233-o1\" method=\"post\" class=\"wpcf7-form init\" enctype=\"multipart\/form-data\" novalidate=\"novalidate\" data-status=\"init\">\n<div style=\"display: none;\">\n<input type=\"hidden\" name=\"_wpcf7\" value=\"29233\" \/>\n<input type=\"hidden\" name=\"_wpcf7_version\" value=\"5.6.4\" \/>\n<input type=\"hidden\" name=\"_wpcf7_locale\" value=\"sk_SK\" \/>\n<input type=\"hidden\" name=\"_wpcf7_unit_tag\" value=\"wpcf7-f29233-o1\" \/>\n<input type=\"hidden\" name=\"_wpcf7_container_post\" value=\"0\" \/>\n<input type=\"hidden\" name=\"_wpcf7_posted_data_hash\" value=\"\" \/>\n<input type=\"hidden\" name=\"_wpcf7_recaptcha_response\" value=\"\" \/>\n<\/div>\n<div class=\"form-sidebar\">\n<p><span class=\"wpcf7-form-control-wrap\" data-name=\"your-name\"><input type=\"text\" name=\"your-name\" value=\"\" size=\"40\" class=\"wpcf7-form-control wpcf7-text wpcf7-validates-as-required\" aria-required=\"true\" aria-invalid=\"false\" placeholder=\"Your name*\" \/><\/span><\/p>\n<p><span class=\"wpcf7-form-control-wrap\" data-name=\"email\"><input type=\"email\" name=\"email\" value=\"\" size=\"40\" class=\"wpcf7-form-control wpcf7-text wpcf7-email wpcf7-validates-as-required wpcf7-validates-as-email\" aria-required=\"true\" aria-invalid=\"false\" placeholder=\"E-mail*\" \/><\/span><\/p>\n<p><span class=\"wpcf7-form-control-wrap\" data-name=\"doplnujuce-informacie\"><textarea name=\"doplnujuce-informacie\" cols=\"40\" rows=\"6\" class=\"wpcf7-form-control wpcf7-textarea wpcf7-validates-as-required\" aria-required=\"true\" aria-invalid=\"false\" placeholder=\"Additional information*\"><\/textarea><\/span><\/p>\n<p><span class=\"wpcf7-form-control-wrap\" data-name=\"file-802\"><input type=\"file\" name=\"file-802\" size=\"40\" class=\"wpcf7-form-control wpcf7-file\" accept=\".pdf,.doc,.docx,.png,.jpg,.jpeg\" aria-invalid=\"false\" \/><\/span><\/p>\n<p><span class=\"wpcf7-form-control-wrap\" data-name=\"acceptance-700\"><span class=\"wpcf7-form-control wpcf7-acceptance\"><span class=\"wpcf7-list-item\"><label><input type=\"checkbox\" name=\"acceptance-700\" value=\"1\" aria-invalid=\"false\" \/><span class=\"wpcf7-list-item-label\">I consent to processing of my personal data in accordance with the <a href=\"\/en\/gdpr\/\" target=\"_blank\">Terms and Conditions<\/a> of the Personal Data Processing Documentation.<\/span><\/label><\/span><\/span><\/span><\/p>\n<p><input type=\"submit\" value=\"Send\" class=\"wpcf7-form-control has-spinner wpcf7-submit\" \/>\n<\/p><\/div>\n<div class=\"wpcf7-response-output\" aria-hidden=\"true\"><\/div><\/form><\/div>[\/vc_column_inner][\/vc_row_inner][\/vc_column][\/vc_row]<\/p>\n","protected":false},"excerpt":{"rendered":"<p>[vc_row full_width=&#8221;stretch_row&#8221; equal_height=&#8221;yes&#8221; parallax=&#8221;content-moving&#8221; parallax_image=&#8221;27134&#8243; parallax_speed_bg=&#8221;1.8&#8243; css=&#8221;.vc_custom_1529865409629{margin-bottom: 0px !important;padding-top: 40px !important;padding-bottom: 50px !important;}&#8221; el_id=&#8221;our-profile&#8221;][vc_column css=&#8221;.vc_custom_1461250612287{margin-top: 0px !important;}&#8221;][vc_row_inner equal_height=&#8221;yes&#8221;][vc_column_inner width=&#8221;1\/2&#8243;][vc_column_text] OUR&#8230;<\/p>\n","protected":false},"author":1,"featured_media":0,"parent":0,"menu_order":10,"comment_status":"closed","ping_status":"closed","template":"","meta":[],"yoast_head":"<!-- This site is optimized with the Yoast SEO plugin v19.8 - https:\/\/yoast.com\/wordpress\/plugins\/seo\/ -->\n<title>Company - Aliga, s.r.o.<\/title>\n<meta name=\"robots\" content=\"index, follow, max-snippet:-1, max-image-preview:large, max-video-preview:-1\" \/>\n<link rel=\"canonical\" href=\"https:\/\/aliga.sk\/en\/company\/\" \/>\n<meta property=\"og:locale\" content=\"en_US\" \/>\n<meta property=\"og:type\" content=\"article\" \/>\n<meta property=\"og:title\" content=\"Company - Aliga, s.r.o.\" \/>\n<meta property=\"og:description\" content=\"[vc_row full_width=&#8221;stretch_row&#8221; equal_height=&#8221;yes&#8221; parallax=&#8221;content-moving&#8221; parallax_image=&#8221;27134&#8243; parallax_speed_bg=&#8221;1.8&#8243; css=&#8221;.vc_custom_1529865409629{margin-bottom: 0px !important;padding-top: 40px !important;padding-bottom: 50px !important;}&#8221; el_id=&#8221;our-profile&#8221;][vc_column css=&#8221;.vc_custom_1461250612287{margin-top: 0px !important;}&#8221;][vc_row_inner equal_height=&#8221;yes&#8221;][vc_column_inner width=&#8221;1\/2&#8243;][vc_column_text] OUR...\" \/>\n<meta property=\"og:url\" content=\"https:\/\/aliga.sk\/en\/company\/\" \/>\n<meta property=\"og:site_name\" content=\"Aliga, s.r.o.\" \/>\n<meta property=\"article:modified_time\" content=\"2024-05-24T10:25:58+00:00\" \/>\n<meta name=\"twitter:card\" content=\"summary_large_image\" \/>\n<meta name=\"twitter:label1\" content=\"Est. reading time\" \/>\n\t<meta name=\"twitter:data1\" content=\"3 minutes\" \/>\n<script type=\"application\/ld+json\" class=\"yoast-schema-graph\">{\"@context\":\"https:\/\/schema.org\",\"@graph\":[{\"@type\":\"WebPage\",\"@id\":\"https:\/\/aliga.sk\/en\/company\/\",\"url\":\"https:\/\/aliga.sk\/en\/company\/\",\"name\":\"Company - Aliga, s.r.o.\",\"isPartOf\":{\"@id\":\"https:\/\/aliga.sk\/#website\"},\"datePublished\":\"2018-06-24T15:47:09+00:00\",\"dateModified\":\"2024-05-24T10:25:58+00:00\",\"breadcrumb\":{\"@id\":\"https:\/\/aliga.sk\/en\/company\/#breadcrumb\"},\"inLanguage\":\"en-US\",\"potentialAction\":[{\"@type\":\"ReadAction\",\"target\":[\"https:\/\/aliga.sk\/en\/company\/\"]}]},{\"@type\":\"BreadcrumbList\",\"@id\":\"https:\/\/aliga.sk\/en\/company\/#breadcrumb\",\"itemListElement\":[{\"@type\":\"ListItem\",\"position\":1,\"name\":\"Home\",\"item\":\"https:\/\/aliga.sk\/en\/\"},{\"@type\":\"ListItem\",\"position\":2,\"name\":\"Company\"}]},{\"@type\":\"WebSite\",\"@id\":\"https:\/\/aliga.sk\/#website\",\"url\":\"https:\/\/aliga.sk\/\",\"name\":\"Aliga, s.r.o.\",\"description\":\"Dod\u00e1vate\u013e info-komunika\u010dn\u00fdch technol\u00f3gi\u00ed\",\"publisher\":{\"@id\":\"https:\/\/aliga.sk\/#organization\"},\"potentialAction\":[{\"@type\":\"SearchAction\",\"target\":{\"@type\":\"EntryPoint\",\"urlTemplate\":\"https:\/\/aliga.sk\/?s={search_term_string}\"},\"query-input\":\"required name=search_term_string\"}],\"inLanguage\":\"en-US\"},{\"@type\":\"Organization\",\"@id\":\"https:\/\/aliga.sk\/#organization\",\"name\":\"Aliga, s.r.o.\",\"url\":\"https:\/\/aliga.sk\/\",\"sameAs\":[],\"logo\":{\"@type\":\"ImageObject\",\"inLanguage\":\"en-US\",\"@id\":\"https:\/\/aliga.sk\/#\/schema\/logo\/image\/\",\"url\":\"https:\/\/aliga.sk\/wp-content\/uploads\/2018\/06\/logo_aliga_blue_desktop.png\",\"contentUrl\":\"https:\/\/aliga.sk\/wp-content\/uploads\/2018\/06\/logo_aliga_blue_desktop.png\",\"width\":462,\"height\":193,\"caption\":\"Aliga, s.r.o.\"},\"image\":{\"@id\":\"https:\/\/aliga.sk\/#\/schema\/logo\/image\/\"}}]}<\/script>\n<!-- \/ Yoast SEO plugin. -->","yoast_head_json":{"title":"Company - Aliga, s.r.o.","robots":{"index":"index","follow":"follow","max-snippet":"max-snippet:-1","max-image-preview":"max-image-preview:large","max-video-preview":"max-video-preview:-1"},"canonical":"https:\/\/aliga.sk\/en\/company\/","og_locale":"en_US","og_type":"article","og_title":"Company - Aliga, s.r.o.","og_description":"[vc_row full_width=&#8221;stretch_row&#8221; equal_height=&#8221;yes&#8221; parallax=&#8221;content-moving&#8221; parallax_image=&#8221;27134&#8243; parallax_speed_bg=&#8221;1.8&#8243; css=&#8221;.vc_custom_1529865409629{margin-bottom: 0px !important;padding-top: 40px !important;padding-bottom: 50px !important;}&#8221; el_id=&#8221;our-profile&#8221;][vc_column css=&#8221;.vc_custom_1461250612287{margin-top: 0px !important;}&#8221;][vc_row_inner equal_height=&#8221;yes&#8221;][vc_column_inner width=&#8221;1\/2&#8243;][vc_column_text] OUR...","og_url":"https:\/\/aliga.sk\/en\/company\/","og_site_name":"Aliga, s.r.o.","article_modified_time":"2024-05-24T10:25:58+00:00","twitter_card":"summary_large_image","twitter_misc":{"Est. reading time":"3 minutes"},"schema":{"@context":"https:\/\/schema.org","@graph":[{"@type":"WebPage","@id":"https:\/\/aliga.sk\/en\/company\/","url":"https:\/\/aliga.sk\/en\/company\/","name":"Company - Aliga, s.r.o.","isPartOf":{"@id":"https:\/\/aliga.sk\/#website"},"datePublished":"2018-06-24T15:47:09+00:00","dateModified":"2024-05-24T10:25:58+00:00","breadcrumb":{"@id":"https:\/\/aliga.sk\/en\/company\/#breadcrumb"},"inLanguage":"en-US","potentialAction":[{"@type":"ReadAction","target":["https:\/\/aliga.sk\/en\/company\/"]}]},{"@type":"BreadcrumbList","@id":"https:\/\/aliga.sk\/en\/company\/#breadcrumb","itemListElement":[{"@type":"ListItem","position":1,"name":"Home","item":"https:\/\/aliga.sk\/en\/"},{"@type":"ListItem","position":2,"name":"Company"}]},{"@type":"WebSite","@id":"https:\/\/aliga.sk\/#website","url":"https:\/\/aliga.sk\/","name":"Aliga, s.r.o.","description":"Dod\u00e1vate\u013e info-komunika\u010dn\u00fdch technol\u00f3gi\u00ed","publisher":{"@id":"https:\/\/aliga.sk\/#organization"},"potentialAction":[{"@type":"SearchAction","target":{"@type":"EntryPoint","urlTemplate":"https:\/\/aliga.sk\/?s={search_term_string}"},"query-input":"required name=search_term_string"}],"inLanguage":"en-US"},{"@type":"Organization","@id":"https:\/\/aliga.sk\/#organization","name":"Aliga, s.r.o.","url":"https:\/\/aliga.sk\/","sameAs":[],"logo":{"@type":"ImageObject","inLanguage":"en-US","@id":"https:\/\/aliga.sk\/#\/schema\/logo\/image\/","url":"https:\/\/aliga.sk\/wp-content\/uploads\/2018\/06\/logo_aliga_blue_desktop.png","contentUrl":"https:\/\/aliga.sk\/wp-content\/uploads\/2018\/06\/logo_aliga_blue_desktop.png","width":462,"height":193,"caption":"Aliga, s.r.o."},"image":{"@id":"https:\/\/aliga.sk\/#\/schema\/logo\/image\/"}}]}},"_links":{"self":[{"href":"https:\/\/aliga.sk\/en\/wp-json\/wp\/v2\/pages\/29350"}],"collection":[{"href":"https:\/\/aliga.sk\/en\/wp-json\/wp\/v2\/pages"}],"about":[{"href":"https:\/\/aliga.sk\/en\/wp-json\/wp\/v2\/types\/page"}],"author":[{"embeddable":true,"href":"https:\/\/aliga.sk\/en\/wp-json\/wp\/v2\/users\/1"}],"replies":[{"embeddable":true,"href":"https:\/\/aliga.sk\/en\/wp-json\/wp\/v2\/comments?post=29350"}],"version-history":[{"count":3,"href":"https:\/\/aliga.sk\/en\/wp-json\/wp\/v2\/pages\/29350\/revisions"}],"predecessor-version":[{"id":31453,"href":"https:\/\/aliga.sk\/en\/wp-json\/wp\/v2\/pages\/29350\/revisions\/31453"}],"wp:attachment":[{"href":"https:\/\/aliga.sk\/en\/wp-json\/wp\/v2\/media?parent=29350"}],"curies":[{"name":"wp","href":"https:\/\/api.w.org\/{rel}","templated":true}]}}